{"id":2908,"date":"2021-07-13T09:53:49","date_gmt":"2021-07-13T07:53:49","guid":{"rendered":"https:\/\/crops4hd.org\/politique-de-confidentialite\/"},"modified":"2024-08-05T08:53:03","modified_gmt":"2024-08-05T06:53:03","slug":"politique-de-confidentialite","status":"publish","type":"page","link":"https:\/\/crops4hd.org\/fr\/politique-de-confidentialite\/","title":{"rendered":"Politique de confidentialit\u00e9"},"content":{"rendered":"\n<div class=\"wp-block-group alignfull has-background-background-color has-background\"><div class=\"wp-block-group__inner-container is-layout-flow wp-block-group-is-layout-flow\">\n<div class=\"wp-block-jetpack-layout-grid alignfull column1-desktop-grid__span-4 column1-desktop-grid__row-1 column2-desktop-grid__span-8 column2-desktop-grid__start-5 column2-desktop-grid__row-1 column1-tablet-grid__span-4 column1-tablet-grid__row-1 column2-tablet-grid__span-4 column2-tablet-grid__start-5 column2-tablet-grid__row-1 column1-mobile-grid__span-4 column1-mobile-grid__row-1 column2-mobile-grid__span-4 column2-mobile-grid__row-2\">\n<div class=\"wp-block-jetpack-layout-grid-column wp-block-jetpack-layout-grid__padding-none\">\n<h2 class=\"wp-block-heading\">Information<\/h2>\n<\/div>\n\n\n\n<div class=\"wp-block-jetpack-layout-grid-column wp-block-jetpack-layout-grid__padding-none\">\n<p class=\"has-text-align-justify wp-block-paragraph\">Nous nous r\u00e9f\u00e9rons aux <a href=\"https:\/\/www.swissaid.ch\/en\/privacy-policy\/\">dispositions de SWISSAID en mati\u00e8re de protection des donn\u00e9es<\/a>. Vous pouvez \u00e0 tout moment demander des informations sur vos donn\u00e9es. Veuillez envoyer vos questions par courriel \u00e0 <a rel=\"noreferrer noopener\" href=\"mailto:info@swissaid.ch?subject=Privacy\" target=\"_blank\">datenschutz@swissaid.ch<\/a>.  <\/p>\n<\/div>\n<\/div>\n\n\n\n<div class=\"wp-block-jetpack-layout-grid alignfull column1-desktop-grid__span-4 column1-desktop-grid__row-1 column2-desktop-grid__span-8 column2-desktop-grid__start-5 column2-desktop-grid__row-1 column1-tablet-grid__span-4 column1-tablet-grid__row-1 column2-tablet-grid__span-4 column2-tablet-grid__start-5 column2-tablet-grid__row-1 column1-mobile-grid__span-4 column1-mobile-grid__row-1 column2-mobile-grid__span-4 column2-mobile-grid__row-2\">\n<div class=\"wp-block-jetpack-layout-grid-column wp-block-jetpack-layout-grid__padding-none\"><\/div>\n\n\n\n<div class=\"wp-block-jetpack-layout-grid-column wp-block-jetpack-layout-grid__padding-none\">\n<p class=\"wp-block-paragraph\"><\/p>\n<\/div>\n<\/div>\n<\/div><\/div>\n\n<p class=\"wp-block-paragraph\"><\/p>\n","protected":false},"excerpt":{"rendered":"<p>Information Nous nous r\u00e9f\u00e9rons aux dispositions de SWISSAID en mati\u00e8re de protection des donn\u00e9es. Vous pouvez \u00e0 tout moment demander des informations sur vos donn\u00e9es. Veuillez envoyer vos questions par courriel \u00e0 datenschutz@swissaid.ch.<\/p>\n","protected":false},"author":208713460,"featured_media":0,"parent":0,"menu_order":0,"comment_status":"closed","ping_status":"closed","template":"","meta":{"_coblocks_attr":"","_coblocks_dimensions":"","_coblocks_responsive_height":"","_coblocks_accordion_ie_support":"","_crdt_document":"","advanced_seo_description":"","jetpack_seo_html_title":"","jetpack_seo_noindex":false,"cybocfi_hide_featured_image":"","footnotes":""},"categories":[],"tags":[],"class_list":["post-2908","page","type-page","status-publish","hentry","entry"],"jetpack_likes_enabled":true,"jetpack_sharing_enabled":true,"jetpack_shortlink":"https:\/\/wp.me\/PddCZR-KU","amp_enabled":true,"_links":{"self":[{"href":"https:\/\/crops4hd.org\/fr\/wp-json\/wp\/v2\/pages\/2908","targetHints":{"allow":["GET"]}}],"collection":[{"href":"https:\/\/crops4hd.org\/fr\/wp-json\/wp\/v2\/pages"}],"about":[{"href":"https:\/\/crops4hd.org\/fr\/wp-json\/wp\/v2\/types\/page"}],"author":[{"embeddable":true,"href":"https:\/\/crops4hd.org\/fr\/wp-json\/wp\/v2\/users\/208713460"}],"replies":[{"embeddable":true,"href":"https:\/\/crops4hd.org\/fr\/wp-json\/wp\/v2\/comments?post=2908"}],"version-history":[{"count":5,"href":"https:\/\/crops4hd.org\/fr\/wp-json\/wp\/v2\/pages\/2908\/revisions"}],"predecessor-version":[{"id":4141,"href":"https:\/\/crops4hd.org\/fr\/wp-json\/wp\/v2\/pages\/2908\/revisions\/4141"}],"wp:attachment":[{"href":"https:\/\/crops4hd.org\/fr\/wp-json\/wp\/v2\/media?parent=2908"}],"wp:term":[{"taxonomy":"category","embeddable":true,"href":"https:\/\/crops4hd.org\/fr\/wp-json\/wp\/v2\/categories?post=2908"},{"taxonomy":"post_tag","embeddable":true,"href":"https:\/\/crops4hd.org\/fr\/wp-json\/wp\/v2\/tags?post=2908"}],"curies":[{"name":"wp","href":"https:\/\/api.w.org\/{rel}","templated":true}]}}