{"id":3035,"date":"2021-07-08T15:36:41","date_gmt":"2021-07-08T13:36:41","guid":{"rendered":"https:\/\/crops4hd.org\/crops4hd-accueil\/"},"modified":"2024-08-05T08:53:03","modified_gmt":"2024-08-05T06:53:03","slug":"crops4hd-accueil-2","status":"publish","type":"page","link":"https:\/\/crops4hd.org\/fr\/","title":{"rendered":"Accueil"},"content":{"rendered":"\n<div class=\"wp-block-cover alignfull is-light\"><span aria-hidden=\"true\" class=\"wp-block-cover__background has-foreground-background-color has-background-dim-20 has-background-dim\"><\/span><img data-recalc-dims=\"1\" decoding=\"async\" class=\"wp-block-cover__image-background wp-image-5233\" alt=\"\" src=\"https:\/\/i0.wp.com\/crops4hd.org\/wp-content\/uploads\/2024\/05\/SwissAid-41-2-2.jpg?w=750&#038;ssl=1\" data-object-fit=\"cover\"\/><div class=\"wp-block-cover__inner-container is-layout-flow wp-block-cover-is-layout-flow\">\n<h1 class=\"wp-block-heading alignfull has-text-align-center has-background-color has-text-color\">Consumption of Resilient Orphan Crops &amp; Products for Healthier Diets<\/h1>\n\n\n\n<p class=\"has-text-align-center has-background-color has-text-color wp-block-paragraph\"><strong> L&rsquo;agrobiodiversit\u00e9 pour am\u00e9liorer la s\u00e9curit\u00e9 alimentaire et la nutrition <\/strong><\/p>\n<\/div><\/div>\n\n<div class=\"wp-block-group alignfull has-background-background-color has-background\"><div class=\"wp-block-group__inner-container is-layout-flow wp-block-group-is-layout-flow\">\n<div style=\"height:32px\" aria-hidden=\"true\" class=\"wp-block-spacer\"><\/div>\n\n\n\n<h2 class=\"wp-block-heading has-text-align-center margin-top-half\">NOS OBJECTIFS<\/h2>\n\n\n\n<p class=\"has-text-align-justify wp-block-paragraph\"><strong>CROPS4HD vise \u00e0 am\u00e9liorer la s\u00e9curit\u00e9 alimentaire et la nutrition des petit-e-s paysan-ne-s, en particulier des femmes, par l&rsquo;utilisation durable et la conservation des vari\u00e9t\u00e9s paysannes\/locales et des esp\u00e8ces n\u00e9glig\u00e9es et sous-utilis\u00e9es (NUS) en respectant des approches agro\u00e9cologiques.<\/strong><\/p>\n\n\n\n<hr class=\"wp-block-separator has-css-opacity\"\/>\n\n\n\n<div class=\"wp-block-columns alignwide is-layout-flex wp-container-core-columns-is-layout-7387b849 wp-block-columns-is-layout-flex\">\n<div class=\"wp-block-column is-layout-flow wp-block-column-is-layout-flow\">\n<figure class=\"wp-block-image size-full\"><img data-recalc-dims=\"1\" loading=\"lazy\" decoding=\"async\" width=\"750\" height=\"500\" src=\"https:\/\/i0.wp.com\/crops4hd.org\/wp-content\/uploads\/2021\/07\/pana4681.jpg?resize=750%2C500&#038;ssl=1\" alt=\"\" class=\"wp-image-148\"\/><\/figure>\n\n\n\n<h6 class=\"wp-block-heading\"><a href=\"https:\/\/crops4hd.org\/fr\/sujets-de-projet\/demande\/\" data-type=\"page\" data-id=\"389\">Demande<\/a><\/h6>\n\n\n\n<p class=\"wp-block-paragraph\">Les activit\u00e9s du projet rendent les cultures et les vari\u00e9t\u00e9s traditionnelles plus attrayantes en soulignant leurs avantages nutritionnels.<\/p>\n<\/div>\n\n\n\n<div class=\"wp-block-column is-layout-flow wp-block-column-is-layout-flow\">\n<figure class=\"wp-block-image size-large\"><img data-recalc-dims=\"1\" loading=\"lazy\" decoding=\"async\" width=\"750\" height=\"500\" src=\"https:\/\/i0.wp.com\/crops4hd.org\/wp-content\/uploads\/2021\/09\/TS2306.jpg?resize=750%2C500&#038;ssl=1\" alt=\"\" class=\"wp-image-1339\" srcset=\"https:\/\/i0.wp.com\/crops4hd.org\/wp-content\/uploads\/2021\/09\/TS2306.jpg?resize=3000%2C2000&amp;ssl=1 3000w, https:\/\/i0.wp.com\/crops4hd.org\/wp-content\/uploads\/2021\/09\/TS2306.jpg?resize=300%2C200&amp;ssl=1 300w, https:\/\/i0.wp.com\/crops4hd.org\/wp-content\/uploads\/2021\/09\/TS2306.jpg?resize=768%2C512&amp;ssl=1 768w, https:\/\/i0.wp.com\/crops4hd.org\/wp-content\/uploads\/2021\/09\/TS2306.jpg?resize=1536%2C1024&amp;ssl=1 1536w, https:\/\/i0.wp.com\/crops4hd.org\/wp-content\/uploads\/2021\/09\/TS2306.jpg?resize=2048%2C1365&amp;ssl=1 2048w, https:\/\/i0.wp.com\/crops4hd.org\/wp-content\/uploads\/2021\/09\/TS2306.jpg?resize=1200%2C800&amp;ssl=1 1200w, https:\/\/i0.wp.com\/crops4hd.org\/wp-content\/uploads\/2021\/09\/TS2306.jpg?resize=1568%2C1045&amp;ssl=1 1568w, https:\/\/i0.wp.com\/crops4hd.org\/wp-content\/uploads\/2021\/09\/TS2306.jpg?w=2250&amp;ssl=1 2250w\" sizes=\"auto, (max-width: 750px) 100vw, 750px\" \/><\/figure>\n\n\n\n<h6 class=\"wp-block-heading\"><a href=\"https:\/\/crops4hd.org\/fr\/sujets-de-projet\/approvisionnement\/\" data-type=\"page\" data-id=\"269\">Offre<\/a><\/h6>\n\n\n\n<p class=\"wp-block-paragraph\">Le projet aide les paysan-ne-s \u00e0 am\u00e9liorer leurs techniques de culture afin d&rsquo;obtenir de bons rendements.<\/p>\n<\/div>\n\n\n\n<div class=\"wp-block-column is-layout-flow wp-block-column-is-layout-flow\">\n<figure class=\"wp-block-image size-full\"><img data-recalc-dims=\"1\" loading=\"lazy\" decoding=\"async\" width=\"750\" height=\"500\" src=\"https:\/\/i0.wp.com\/crops4hd.org\/wp-content\/uploads\/2021\/09\/NI2539-Saatgut-Vielfalt.jpg?resize=750%2C500&#038;ssl=1\" alt=\"\" class=\"wp-image-1338\" srcset=\"https:\/\/i0.wp.com\/crops4hd.org\/wp-content\/uploads\/2021\/09\/NI2539-Saatgut-Vielfalt.jpg?w=2559&amp;ssl=1 2559w, https:\/\/i0.wp.com\/crops4hd.org\/wp-content\/uploads\/2021\/09\/NI2539-Saatgut-Vielfalt.jpg?resize=300%2C200&amp;ssl=1 300w, https:\/\/i0.wp.com\/crops4hd.org\/wp-content\/uploads\/2021\/09\/NI2539-Saatgut-Vielfalt.jpg?resize=768%2C512&amp;ssl=1 768w, https:\/\/i0.wp.com\/crops4hd.org\/wp-content\/uploads\/2021\/09\/NI2539-Saatgut-Vielfalt.jpg?resize=1536%2C1023&amp;ssl=1 1536w, https:\/\/i0.wp.com\/crops4hd.org\/wp-content\/uploads\/2021\/09\/NI2539-Saatgut-Vielfalt.jpg?resize=2048%2C1365&amp;ssl=1 2048w, https:\/\/i0.wp.com\/crops4hd.org\/wp-content\/uploads\/2021\/09\/NI2539-Saatgut-Vielfalt.jpg?resize=1200%2C800&amp;ssl=1 1200w, https:\/\/i0.wp.com\/crops4hd.org\/wp-content\/uploads\/2021\/09\/NI2539-Saatgut-Vielfalt.jpg?resize=1568%2C1045&amp;ssl=1 1568w, https:\/\/i0.wp.com\/crops4hd.org\/wp-content\/uploads\/2021\/09\/NI2539-Saatgut-Vielfalt.jpg?w=2250&amp;ssl=1 2250w\" sizes=\"auto, (max-width: 750px) 100vw, 750px\" \/><\/figure>\n\n\n\n<h6 class=\"wp-block-heading\"><a href=\"https:\/\/crops4hd.org\/fr\/sujets-de-projet\/politique\/\" data-type=\"page\" data-id=\"387\">Politique<\/a><\/h6>\n\n\n\n<p class=\"wp-block-paragraph\">L&rsquo;objectif est de renforcer les syst\u00e8mes semenciers paysans et de prot\u00e9ger les droits des paysan-ne-s \u00e0 propager, \u00e9changer et vendre leurs semences.<\/p>\n<\/div>\n<\/div>\n<\/div><\/div>\n\n<hr class=\"wp-block-separator has-alpha-channel-opacity\"\/>\n\n<figure class=\"wp-block-embed aligncenter is-type-video is-provider-youtube wp-block-embed-youtube wp-embed-aspect-16-9 wp-has-aspect-ratio\"><div class=\"wp-block-embed__wrapper\"> \n<span class=\"embed-youtube\" style=\"text-align:center; display: block;\"><iframe loading=\"lazy\" class=\"youtube-player\" width=\"750\" height=\"422\" src=\"https:\/\/www.youtube.com\/embed\/0rL2XwO9_X4?version=3&#038;rel=1&#038;showsearch=0&#038;showinfo=1&#038;iv_load_policy=1&#038;fs=1&#038;hl=fr-FR&#038;autohide=2&#038;wmode=transparent\" allowfullscreen=\"true\" style=\"border:0;\" sandbox=\"allow-scripts allow-same-origin allow-popups allow-presentation allow-popups-to-escape-sandbox\"><\/iframe><\/span>\n <\/div><\/figure>\n\n<hr class=\"wp-block-separator has-alpha-channel-opacity\"\/>\n\n<div class=\"wp-block-cover alignfull is-light\" style=\"min-height:526px;aspect-ratio:unset;\"><span aria-hidden=\"true\" class=\"wp-block-cover__background has-secondary-background-color has-background-dim-100 has-background-dim\"><\/span><div class=\"wp-block-cover__inner-container is-layout-flow wp-block-cover-is-layout-flow\">\n<div style=\"height:32px\" aria-hidden=\"true\" class=\"wp-block-spacer\"><\/div>\n\n\n\n<h2 class=\"wp-block-heading has-text-align-center margin-top-half has-background-color has-text-color\">NOS R\u00c9GIONS<\/h2>\n\n\n\n<hr class=\"wp-block-separator has-css-opacity\"\/>\n\n\n\n<div class=\"wp-block-columns alignwide is-layout-flex wp-container-core-columns-is-layout-7387b849 wp-block-columns-is-layout-flex\">\n<div class=\"wp-block-column is-layout-flow wp-block-column-is-layout-flow\">\n<h3 class=\"wp-block-heading has-text-align-center margin-bottom-none\"><a href=\"https:\/\/crops4hd.org\/fr\/regions-du-projet\/chad-2\/\">Tchad<\/a><\/h3>\n\n\n\n<p class=\"has-text-align-center margin-top-none has-background-color has-text-color wp-block-paragraph\"> Afrique centrale <\/p>\n<\/div>\n\n\n\n<div class=\"wp-block-column is-layout-flow wp-block-column-is-layout-flow\">\n<h3 class=\"wp-block-heading has-text-align-center margin-bottom-none\"><a href=\"https:\/\/crops4hd.org\/fr\/regions-du-projet\/niger\/\">Niger<\/a><\/h3>\n\n\n\n<p class=\"has-text-align-center margin-top-none has-background-color has-text-color wp-block-paragraph\">Afrique de l&rsquo;Ouest<\/p>\n<\/div>\n\n\n\n<div class=\"wp-block-column is-layout-flow wp-block-column-is-layout-flow\">\n<h3 class=\"wp-block-heading has-text-align-center margin-bottom-none has-background-color has-text-color\"><a href=\"https:\/\/crops4hd.org\/fr\/regions-du-projet\/tanzanie\/\">Tanzanie<\/a><\/h3>\n\n\n\n<p class=\"has-text-align-center margin-top-none has-background-color has-text-color wp-block-paragraph\">Afrique de l&rsquo;Est<\/p>\n<\/div>\n\n\n\n<div class=\"wp-block-column is-layout-flow wp-block-column-is-layout-flow\">\n<h3 class=\"wp-block-heading has-text-align-center margin-bottom-none has-background-color has-text-color\"><a href=\"https:\/\/crops4hd.org\/fr\/regions-du-projet\/inde-2\/\">Inde<\/a><\/h3>\n\n\n\n<p class=\"has-text-align-center margin-top-none has-background-color has-text-color wp-block-paragraph\">Asie du Sud<\/p>\n<\/div>\n<\/div>\n\n\n\n<div style=\"height:32px\" aria-hidden=\"true\" class=\"wp-block-spacer\"><\/div>\n<\/div><\/div>\n\n<div style=\"height:50px\" aria-hidden=\"true\" class=\"wp-block-spacer\"><\/div>\n\n<div class=\"wp-block-jetpack-layout-grid alignfull column1-desktop-grid__span-8 column1-desktop-grid__row-1 column2-desktop-grid__span-4 column2-desktop-grid__start-9 column2-desktop-grid__row-1 column1-tablet-grid__span-4 column1-tablet-grid__row-1 column2-tablet-grid__span-4 column2-tablet-grid__start-5 column2-tablet-grid__row-1 column1-mobile-grid__span-4 column1-mobile-grid__row-1 column2-mobile-grid__span-4 column2-mobile-grid__row-2\">\n<div class=\"wp-block-jetpack-layout-grid-column wp-block-jetpack-layout-grid__padding-none\">\n<h6 class=\"wp-block-heading has-text-align-center\">Membres du consortium :<\/h6>\n\n\n\n<div class=\"wp-block-jetpack-layout-grid alignfull column1-desktop-grid__span-4 column1-desktop-grid__row-1 column2-desktop-grid__span-4 column2-desktop-grid__start-5 column2-desktop-grid__row-1 column3-desktop-grid__span-4 column3-desktop-grid__start-9 column3-desktop-grid__row-1 column1-tablet-grid__span-4 column1-tablet-grid__row-1 column2-tablet-grid__span-4 column2-tablet-grid__start-5 column2-tablet-grid__row-1 column3-tablet-grid__span-8 column3-tablet-grid__row-2 column1-mobile-grid__span-4 column1-mobile-grid__row-1 column2-mobile-grid__span-4 column2-mobile-grid__row-2 column3-mobile-grid__span-4 column3-mobile-grid__row-3\">\n<div class=\"wp-block-jetpack-layout-grid-column wp-block-jetpack-layout-grid__padding-none\">\n<figure class=\"wp-block-image alignwide size-full\"><a href=\"https:\/\/www.swissaid.ch\/en\/\" target=\"_blank\" rel=\"noopener\"><img data-recalc-dims=\"1\" loading=\"lazy\" decoding=\"async\" width=\"750\" height=\"182\" src=\"https:\/\/i0.wp.com\/crops4hd.org\/wp-content\/uploads\/2021\/07\/swissaid_logo_rz_gross_transparent.png?resize=750%2C182&#038;ssl=1\" alt=\"\" class=\"wp-image-51\"\/><\/a><\/figure>\n<\/div>\n\n\n\n<div class=\"wp-block-jetpack-layout-grid-column wp-block-jetpack-layout-grid__padding-none\"><div class=\"wp-block-image\">\n<figure class=\"aligncenter size-full is-resized\"><a href=\"https:\/\/www.fibl.org\/en\/\" target=\"_blank\" rel=\"noopener\"><img data-recalc-dims=\"1\" loading=\"lazy\" decoding=\"async\" width=\"750\" height=\"315\" src=\"https:\/\/i0.wp.com\/crops4hd.org\/wp-content\/uploads\/2021\/07\/fibl_signet.png?resize=750%2C315&#038;ssl=1\" alt=\"\" class=\"wp-image-58\" style=\"width:193px;height:81px\"\/><\/a><\/figure>\n<\/div><\/div>\n\n\n\n<div class=\"wp-block-jetpack-layout-grid-column wp-block-jetpack-layout-grid__padding-none\"><div class=\"wp-block-image\">\n<figure class=\"aligncenter size-full is-resized\"><a href=\"https:\/\/afsafrica.org\/\" target=\"_blank\" rel=\"noopener\"><img data-recalc-dims=\"1\" loading=\"lazy\" decoding=\"async\" width=\"535\" height=\"217\" src=\"https:\/\/i0.wp.com\/crops4hd.org\/wp-content\/uploads\/2021\/07\/afsa_signet.png?resize=535%2C217&#038;ssl=1\" alt=\"\" class=\"wp-image-60\" style=\"width:244px;height:98px\"\/><\/a><\/figure>\n<\/div><\/div>\n<\/div>\n<\/div>\n\n\n\n<div class=\"wp-block-jetpack-layout-grid-column wp-block-jetpack-layout-grid__padding-none\">\n<h6 class=\"wp-block-heading has-text-align-center\">Avec le soutien de : <\/h6>\n\n\n<div class=\"wp-block-image\">\n<figure class=\"aligncenter size-full is-resized\"><a href=\"https:\/\/www.eda.admin.ch\/sdc\" target=\"_blank\" rel=\"noopener\"><img data-recalc-dims=\"1\" loading=\"lazy\" decoding=\"async\" width=\"653\" height=\"295\" src=\"https:\/\/i0.wp.com\/crops4hd.org\/wp-content\/uploads\/2021\/07\/dezaenglish.jpg?resize=653%2C295&#038;ssl=1\" alt=\"\" class=\"wp-image-703\" style=\"width:277px;height:125px\" srcset=\"https:\/\/i0.wp.com\/crops4hd.org\/wp-content\/uploads\/2021\/07\/dezaenglish.jpg?w=653&amp;ssl=1 653w, https:\/\/i0.wp.com\/crops4hd.org\/wp-content\/uploads\/2021\/07\/dezaenglish.jpg?resize=300%2C136&amp;ssl=1 300w\" sizes=\"auto, (max-width: 653px) 100vw, 653px\" \/><\/a><\/figure>\n<\/div>\n\n\n<h5 class=\"wp-block-heading has-text-align-center\"><a href=\"https:\/\/crops4hd.org\/fr\/a-propos-de-nous-2\/donateurs\/\" data-type=\"page\" data-id=\"719\">Apprenez \u00e0 conna\u00eetre tous nos donateurs institutionnels<\/a><\/h5>\n<\/div>\n<\/div>\n","protected":false},"excerpt":{"rendered":"<p>CROPS4HD vise \u00e0 am\u00e9liorer la s\u00e9curit\u00e9 alimentaire et la nutrition des petit-e-s paysan-ne-s, en particulier des femmes, par l&rsquo;utilisation durable et la conservation des vari\u00e9t\u00e9s paysannes\/locales et des esp\u00e8ces n\u00e9glig\u00e9es et sous-utilis\u00e9es (NUS) en respectant des approches agro\u00e9cologiques.<\/p>\n","protected":false},"author":208713460,"featured_media":2789,"parent":0,"menu_order":0,"comment_status":"closed","ping_status":"closed","template":"","meta":{"_coblocks_attr":"","_coblocks_dimensions":"","_coblocks_responsive_height":"","_coblocks_accordion_ie_support":"","_crdt_document":"","advanced_seo_description":"","jetpack_seo_html_title":"","jetpack_seo_noindex":false,"cybocfi_hide_featured_image":"","footnotes":""},"categories":[],"tags":[],"class_list":["post-3035","page","type-page","status-publish","has-post-thumbnail","hentry","entry"],"jetpack_likes_enabled":true,"jetpack_sharing_enabled":true,"jetpack_shortlink":"https:\/\/wp.me\/PddCZR-MX","amp_enabled":false,"_links":{"self":[{"href":"https:\/\/crops4hd.org\/fr\/wp-json\/wp\/v2\/pages\/3035","targetHints":{"allow":["GET"]}}],"collection":[{"href":"https:\/\/crops4hd.org\/fr\/wp-json\/wp\/v2\/pages"}],"about":[{"href":"https:\/\/crops4hd.org\/fr\/wp-json\/wp\/v2\/types\/page"}],"author":[{"embeddable":true,"href":"https:\/\/crops4hd.org\/fr\/wp-json\/wp\/v2\/users\/208713460"}],"replies":[{"embeddable":true,"href":"https:\/\/crops4hd.org\/fr\/wp-json\/wp\/v2\/comments?post=3035"}],"version-history":[{"count":26,"href":"https:\/\/crops4hd.org\/fr\/wp-json\/wp\/v2\/pages\/3035\/revisions"}],"predecessor-version":[{"id":5328,"href":"https:\/\/crops4hd.org\/fr\/wp-json\/wp\/v2\/pages\/3035\/revisions\/5328"}],"wp:featuredmedia":[{"embeddable":true,"href":"https:\/\/crops4hd.org\/fr\/wp-json\/wp\/v2\/media\/2789"}],"wp:attachment":[{"href":"https:\/\/crops4hd.org\/fr\/wp-json\/wp\/v2\/media?parent=3035"}],"wp:term":[{"taxonomy":"category","embeddable":true,"href":"https:\/\/crops4hd.org\/fr\/wp-json\/wp\/v2\/categories?post=3035"},{"taxonomy":"post_tag","embeddable":true,"href":"https:\/\/crops4hd.org\/fr\/wp-json\/wp\/v2\/tags?post=3035"}],"curies":[{"name":"wp","href":"https:\/\/api.w.org\/{rel}","templated":true}]}}