{"id":3037,"date":"2021-07-22T09:09:40","date_gmt":"2021-07-22T07:09:40","guid":{"rendered":"https:\/\/crops4hd.org\/regions-du-projet\/chad\/"},"modified":"2024-02-20T14:23:03","modified_gmt":"2024-02-20T13:23:03","slug":"chad-2","status":"publish","type":"page","link":"https:\/\/crops4hd.org\/fr\/regions-du-projet\/chad-2\/","title":{"rendered":"Tchad"},"content":{"rendered":"\n<div class=\"wp-block-media-text alignfull has-media-on-the-right is-stacked-on-mobile is-image-fill a8c-section has-background-color has-primary-background-color has-text-color has-background\"><div class=\"wp-block-media-text__content\">\n<div class=\"wp-block-jetpack-layout-grid alignfull column1-desktop-grid__span-9 column1-desktop-grid__start-2 column1-desktop-grid__row-1 column1-tablet-grid__span-8 column1-tablet-grid__row-1 column1-mobile-grid__span-4 column1-mobile-grid__row-1\">\n<div class=\"wp-block-jetpack-layout-grid-column wp-block-jetpack-layout-grid__padding-none\">\n<div style=\"height:40px\" aria-hidden=\"true\" class=\"wp-block-spacer\"><\/div>\n\n\n\n<h1 class=\"wp-block-heading a8c-section-title has-background-color has-text-color\" id=\"crops4hd-in-chad\">CROPS4HD au Tchad<\/h1>\n\n\n\n<p class=\"has-text-align-justify a8c-section-text has-background-color has-text-color wp-block-paragraph\">Le Tchad est un pays moins d\u00e9velopp\u00e9, avec une abondance de produits agricoles riches en biodiversit\u00e9, mais aussi une forte incidence de malnutrition et de pauvret\u00e9.  <\/p>\n<\/div>\n<\/div>\n\n\n\n<div style=\"height:40px\" aria-hidden=\"true\" class=\"wp-block-spacer\"><\/div>\n<\/div><figure class=\"wp-block-media-text__media\" style=\"background-image:url(https:\/\/crops4hd.org\/wp-content\/uploads\/2021\/07\/ts2306.jpg?w=750);background-position:50% 50%\"><img data-recalc-dims=\"1\" loading=\"lazy\" decoding=\"async\" width=\"750\" height=\"500\" src=\"https:\/\/i0.wp.com\/crops4hd.org\/wp-content\/uploads\/2021\/07\/ts2306.jpg?resize=750%2C500&#038;ssl=1\" alt=\"\" class=\"wp-image-121 size-full\"\/><\/figure><\/div>\n\n<h3 class=\"wp-block-heading\" id=\"context\">Contexte<\/h3>\n\n<p class=\"has-text-align-justify wp-block-paragraph\">Le Tchad est un pays moins d\u00e9velopp\u00e9, avec une abondance de produits agricoles riches en biodiversit\u00e9, mais aussi une forte incidence de malnutrition et de pauvret\u00e9. Le Tchad offre la possibilit\u00e9 de compl\u00e9ter le programme de la DDC intitul\u00e9 <em>Op\u00e9rationalisation de la fili\u00e8re<\/em> <em>semenci\u00e8re <\/em>\u00a0\u00bb en ouvrant l&rsquo;acc\u00e8s \u00e0 des semences paysannes abordables et en reliant les syst\u00e8mes semenciers formels et les syst\u00e8mes semenciers paysans. En outre, il s&rsquo;appuiera sur le mandat de la DDC \u00ab\u00a0Soutien au d\u00e9veloppement des fili\u00e8res karit\u00e9 et arachide au Tchad\u00a0\u00bb. Le programme a d\u00e9velopp\u00e9 des cha\u00eenes de valeur et des march\u00e9s locaux, nationaux et internationaux pour le beurre de karit\u00e9 et les arachides et encourage l&rsquo;int\u00e9gration des esp\u00e8ces n\u00e9glig\u00e9es et non utilis\u00e9es (NUS) dans ces march\u00e9s locaux et nationaux.<\/p>\n\n<p class=\"has-text-align-justify wp-block-paragraph\">Au Tchad, les zones de production du projet sont situ\u00e9es dans la partie sud du pays &#8211; c&rsquo;est-\u00e0-dire le Mayo-Kebby Ouest, le Mandoul et le Logone Oriental &#8211; et dans le canton plus central de Guera. <\/p>\n\n<p class=\"has-text-align-justify wp-block-paragraph\">L&rsquo;AFSA \u00e9tablira des liens avec les politiques d&rsquo;Afrique centrale et les mouvements paysans, et les \u00e9tudes de cas du Tchad serviront d&rsquo;exemples pour plaider en faveur d&rsquo;un changement de politique dans cette sous-r\u00e9gion.<\/p>\n\n<h3 class=\"wp-block-heading\" id=\"key-outcomes\">Principaux objectifs<\/h3>\n\n<div class=\"wp-block-jetpack-layout-grid alignfull column1-desktop-grid__span-3 column1-desktop-grid__start-2 column1-desktop-grid__row-1 column2-desktop-grid__span-6 column2-desktop-grid__start-6 column2-desktop-grid__row-1 column1-tablet-grid__span-3 column1-tablet-grid__row-1 column2-tablet-grid__span-5 column2-tablet-grid__start-4 column2-tablet-grid__row-1 column1-mobile-grid__span-4 column1-mobile-grid__row-1 column2-mobile-grid__span-4 column2-mobile-grid__row-2\">\n<div class=\"wp-block-jetpack-layout-grid-column wp-block-jetpack-layout-grid__padding-none is-vertically-aligned-top\">\n<h6 class=\"wp-block-heading has-text-align-center\" id=\"demand\"><a href=\"https:\/\/crops4hd.org\/fr\/sujets-de-projet\/demande\/\" data-type=\"page\" data-id=\"389\">Demande<\/a><\/h6>\n<\/div>\n\n\n\n<div class=\"wp-block-jetpack-layout-grid-column wp-block-jetpack-layout-grid__padding-none is-vertically-aligned-top\">\n<ol class=\"wp-block-list\">\n<li>La part des consommateur\u00b7rice\u00b7s ayant une plus grande diversit\u00e9 de consommation\/fr\u00e9quence de consommation de NUS dans le r\u00e9gime alimentaire hebdomadaire au niveau du m\u00e9nage a augment\u00e9 de 15 %.<\/li>\n\n\n\n<li>Les obstacles \u00e0 l&rsquo;acc\u00e8s aux march\u00e9s pour les NUS sont r\u00e9duits dans quatre des huit syst\u00e8mes alimentaires et le volume de NUS sur les march\u00e9s augmente.<\/li>\n\n\n\n<li>La part des paysan\u00b7ne\u00b7s ayant acc\u00e8s aux semences NUS a augment\u00e9 de 20 %.<\/li>\n<\/ol>\n<\/div>\n<\/div>\n\n<hr class=\"wp-block-separator has-css-opacity is-style-wide\"\/>\n\n<div class=\"wp-block-jetpack-layout-grid alignfull column1-desktop-grid__span-3 column1-desktop-grid__start-2 column1-desktop-grid__row-1 column2-desktop-grid__span-6 column2-desktop-grid__start-6 column2-desktop-grid__row-1 column1-tablet-grid__span-3 column1-tablet-grid__row-1 column2-tablet-grid__span-5 column2-tablet-grid__start-4 column2-tablet-grid__row-1 column1-mobile-grid__span-4 column1-mobile-grid__row-1 column2-mobile-grid__span-4 column2-mobile-grid__row-2\">\n<div class=\"wp-block-jetpack-layout-grid-column wp-block-jetpack-layout-grid__padding-none is-vertically-aligned-top\">\n<h6 class=\"wp-block-heading has-text-align-center\" id=\"supply\"> <a href=\"https:\/\/crops4hd.org\/fr\/sujets-de-projet\/approvisionnement\/\" data-type=\"page\" data-id=\"269\">Offre<\/a><\/h6>\n<\/div>\n\n\n\n<div class=\"wp-block-jetpack-layout-grid-column wp-block-jetpack-layout-grid__padding-none is-vertically-aligned-top\">\n<ol class=\"wp-block-list\">\n<li>10 cultures (cultures NUS, cultures non-NUS et vari\u00e9t\u00e9s NUS) sont nouvellement cultiv\u00e9es au niveau des exploitations.<\/li>\n\n\n\n<li>Le volume de NUS quittant la ferme est augment\u00e9 de 10%.<\/li>\n\n\n\n<li>Les revenus de 1&rsquo;900 paysan\u00b7ne\u00b7s ont augment\u00e9.<\/li>\n\n\n\n<li>La s\u00e9curit\u00e9 alimentaire de 3&rsquo;000 paysan\u00b7ne\u00b7s est am\u00e9lior\u00e9e.<\/li>\n\n\n\n<li>La r\u00e9silience climatique de 3&rsquo;000 paysan\u00b7ne\u00b7s est am\u00e9lior\u00e9e.<\/li>\n<\/ol>\n<\/div>\n<\/div>\n\n<hr class=\"wp-block-separator has-css-opacity is-style-wide\"\/>\n\n<div class=\"wp-block-jetpack-layout-grid alignfull column1-desktop-grid__span-3 column1-desktop-grid__start-2 column1-desktop-grid__row-1 column2-desktop-grid__span-6 column2-desktop-grid__start-6 column2-desktop-grid__row-1 column1-tablet-grid__span-3 column1-tablet-grid__row-1 column2-tablet-grid__span-5 column2-tablet-grid__start-4 column2-tablet-grid__row-1 column1-mobile-grid__span-4 column1-mobile-grid__row-1 column2-mobile-grid__span-4 column2-mobile-grid__row-2\">\n<div class=\"wp-block-jetpack-layout-grid-column wp-block-jetpack-layout-grid__padding-none is-vertically-aligned-top\">\n<h6 class=\"wp-block-heading has-text-align-center\" id=\"policy\"><a href=\"https:\/\/crops4hd.org\/fr\/sujets-de-projet\/politique\/\" data-type=\"page\" data-id=\"387\">Politique<\/a><\/h6>\n<\/div>\n\n\n\n<div class=\"wp-block-jetpack-layout-grid-column wp-block-jetpack-layout-grid__padding-none is-vertically-aligned-top\">\n<ol class=\"wp-block-list\">\n<li>L&rsquo;efficacit\u00e9 des politiques infranationales et des cadres juridiques en mati\u00e8re d&rsquo;A+FS pour les petit\u00b7e\u00b7s paysan\u00b7ne\u00b7s est accrue.<\/li>\n<\/ol>\n<\/div>\n<\/div>\n\n<div style=\"height:37px\" aria-hidden=\"true\" class=\"wp-block-spacer\"><\/div>\n\n<div class=\"wp-block-cover alignfull is-light is-style-default\"><span aria-hidden=\"true\" class=\"wp-block-cover__background has-secondary-background-color has-background-dim-100 has-background-dim\"><\/span><div class=\"wp-block-cover__inner-container is-layout-flow wp-block-cover-is-layout-flow\">\n<p class=\"has-text-align-center margin-bottom-half wp-block-paragraph\"><\/p>\n\n\n\n<h2 class=\"wp-block-heading has-text-align-center margin-top-half has-background-color has-text-color\" id=\"recent-news\">Les derni\u00e8res nouvelles<\/h2>\n\n\n\n<div style=\"height:20px\" aria-hidden=\"true\" class=\"wp-block-spacer\"><\/div>\n\n\n\t<div\n\t\tclass=\"wp-block-newspack-blocks-homepage-articles alignwide  wpnbha is-grid columns-3 colgap-3 show-image image-aligntop ts-3 is-3 is-landscape  has-text-align-left has-text-color has-foreground-color\"\n\t\tstyle=\"\"\n\t\t>\n\t\t\t\t\t<style id=\"newspack-blocks-inline-css\" type=\"text\/css\">\t\t.wp-block-newspack-blocks-homepage-articles article .entry-title {\n\t\t\tfont-size: 1.2em;\n\t\t}\n\t\t.wp-block-newspack-blocks-homepage-articles .entry-meta {\n\t\t\tdisplay: flex;\n\t\t\tflex-wrap: wrap;\n\t\t\talign-items: center;\n\t\t\tmargin-top: 0.5em;\n\t\t}\n\t\t.wp-block-newspack-blocks-homepage-articles article .entry-meta {\n\t\t\tfont-size: 0.8em;\n\t\t}\n\t\t.wp-block-newspack-blocks-homepage-articles article .avatar {\n\t\t\theight: 25px;\n\t\t\twidth: 25px;\n\t\t}\n\t\t.wp-block-newspack-blocks-homepage-articles .post-thumbnail{\n\t\t\tmargin: 0;\n\t\t\tmargin-bottom: 0.25em;\n\t\t}\n\t\t.wp-block-newspack-blocks-homepage-articles .post-thumbnail img {\n\t\t\theight: auto;\n\t\t\twidth: 100%;\n\t\t}\n\t\t.wp-block-newspack-blocks-homepage-articles .post-thumbnail figcaption {\n\t\t\tmargin-bottom: 0.5em;\n\t\t}\n\t\t.wp-block-newspack-blocks-homepage-articles p {\n\t\t\tmargin: 0.5em 0;\n\t\t}\n\n\t\t.wpnbha.ts-3 .entry-title{font-size: 1em}.wpnbha.ts-3 article .newspack-post-subtitle, .wpnbha.ts-3 article .entry-wrapper p, .wpnbha.ts-3 article .entry-wrapper .more-link, .wpnbha.ts-3 article .entry-meta {font-size: 0.8em;}\t<\/style>\n\t\t\t\t<div data-posts data-current-post-id=\"3037\">\n\t\t\t\t\t\t\n\t<article data-post-id=\"8927\"\n\t\tclass=\"category-approvisionnement category-chad-fr category-chad-fr category-general-fr category-general-fr category-approvisionnement type-post post-has-image\"\n\t\t\t\t>\n\t\t\t\t\t\t\t<figure class=\"post-thumbnail\">\n\t\t\t\t\t\t\t\t<a href=\"https:\/\/crops4hd.org\/fr\/2025\/temoignage-le-role-des-femmes-dans-la-promotion-de-lagroecologie-et-de-la-securite-alimentaire\/\" rel=\"bookmark\" tabindex=\"-1\" aria-hidden=\"true\">\n\t\t\t\t\t\t\t\t\t\t\t\t<img loading=\"lazy\" decoding=\"async\" width=\"800\" height=\"600\" src=\"https:\/\/i0.wp.com\/crops4hd.org\/wp-content\/uploads\/2025\/08\/Image1.png?resize=800%2C600&amp;ssl=1\" class=\"attachment-newspack-article-block-landscape-medium size-newspack-article-block-landscape-medium wp-post-image\" alt=\"T\u00e9moignage : Le r\u00f4le des femmes dans la promotion de l&rsquo;agro\u00e9cologie et de la s\u00e9curit\u00e9 alimentaire\u00a0\" data-hero-candidate=\"1\" data-attachment-id=\"8957\" data-permalink=\"https:\/\/crops4hd.org\/fr\/2025\/temoignage-le-role-des-femmes-dans-la-promotion-de-lagroecologie-et-de-la-securite-alimentaire\/image1-12-2\/\" data-orig-file=\"https:\/\/i0.wp.com\/crops4hd.org\/wp-content\/uploads\/2025\/08\/Image1.png?fit=1500%2C675&amp;ssl=1\" data-orig-size=\"1500,675\" data-comments-opened=\"0\" data-image-meta=\"{&quot;aperture&quot;:&quot;0&quot;,&quot;credit&quot;:&quot;&quot;,&quot;camera&quot;:&quot;&quot;,&quot;caption&quot;:&quot;&quot;,&quot;created_timestamp&quot;:&quot;0&quot;,&quot;copyright&quot;:&quot;&quot;,&quot;focal_length&quot;:&quot;0&quot;,&quot;iso&quot;:&quot;0&quot;,&quot;shutter_speed&quot;:&quot;0&quot;,&quot;title&quot;:&quot;&quot;,&quot;orientation&quot;:&quot;0&quot;}\" data-image-title=\"Image1\" data-image-description=\"\" data-image-caption=\"\" data-large-file=\"https:\/\/i0.wp.com\/crops4hd.org\/wp-content\/uploads\/2025\/08\/Image1.png?fit=750%2C338&amp;ssl=1\" \/>\t\t\t\t\t\t\t\t\t\t\t\t<\/a>\n\t\t\t\t\n\t\t\t\t\t\t\t<\/figure><!-- .featured-image -->\n\t\t\n\t\t<div class=\"entry-wrapper\">\n\t\t\t<h2 class=\"entry-title\"><a href=\"https:\/\/crops4hd.org\/fr\/2025\/temoignage-le-role-des-femmes-dans-la-promotion-de-lagroecologie-et-de-la-securite-alimentaire\/\" rel=\"bookmark\">T\u00e9moignage : Le r\u00f4le des femmes dans la promotion de l&rsquo;agro\u00e9cologie et de la s\u00e9curit\u00e9 alimentaire\u00a0<\/a><\/h2>\t\t\t\t\t\t<p>Le projet CROPS4HD met particuli\u00e8rement l&rsquo;accent sur l&rsquo;int\u00e9gration de la dimension du genre dans toutes ses activit\u00e9s. Dans un t\u00e9moignage recueilli dans la Province du Mayo-Kebbi Ouest au Tchad, une paysanne pr\u00e9sente ses impressions sur le r\u00f4le essentiel des femmes dans la promotion de la s\u00e9curit\u00e9 alimentaire.<\/p>\n\t\t\t\t<a class=\"more-link\" href=\"https:\/\/crops4hd.org\/fr\/2025\/temoignage-le-role-des-femmes-dans-la-promotion-de-lagroecologie-et-de-la-securite-alimentaire\/\" rel=\"bookmark\">\n\t\t\t\t\tFull article\t\t\t\t<\/a>\n\t\t\t\t\t\t\t\t<div class=\"entry-meta\">\n\t\t\t\t\t<time class=\"entry-date published\" datetime=\"2025-08-21T20:08:44+02:00\">21 ao\u00fbt 2025<\/time><time class=\"updated\" datetime=\"2025-08-21T20:22:38+02:00\">21 ao\u00fbt 2025<\/time>\t\t\t\t<\/div><!-- .entry-meta -->\n\t\t\t\t\t<\/div><!-- .entry-wrapper -->\n\t<\/article>\n\n\t\t\n\t<article data-post-id=\"7118\"\n\t\tclass=\"category-chad-fr category-demande type-post post-has-image\"\n\t\t\t\t>\n\t\t\t\t\t\t\t<figure class=\"post-thumbnail\">\n\t\t\t\t\t\t\t\t<a href=\"https:\/\/crops4hd.org\/fr\/2024\/chad-2eme-atelier-pratique-pour-le-developpement-de-produits\/\" rel=\"bookmark\" tabindex=\"-1\" aria-hidden=\"true\">\n\t\t\t\t\t\t\t\t\t\t\t\t<img loading=\"lazy\" decoding=\"async\" width=\"400\" height=\"300\" src=\"https:\/\/i0.wp.com\/crops4hd.org\/wp-content\/uploads\/2024\/12\/Seance-dorientation-pratique-1.jpg?resize=400%2C300&amp;ssl=1\" class=\"attachment-newspack-article-block-landscape-small size-newspack-article-block-landscape-small wp-post-image\" alt=\"Tchad\u00a0: 2\u00e8me atelier pratique pour le d\u00e9veloppement de produits\" data-hero-candidate=\"1\" srcset=\"https:\/\/i0.wp.com\/crops4hd.org\/wp-content\/uploads\/2024\/12\/Seance-dorientation-pratique-1.jpg?resize=400%2C300&amp;ssl=1 400w, https:\/\/i0.wp.com\/crops4hd.org\/wp-content\/uploads\/2024\/12\/Seance-dorientation-pratique-1.jpg?resize=200%2C150&amp;ssl=1 200w, https:\/\/i0.wp.com\/crops4hd.org\/wp-content\/uploads\/2024\/12\/Seance-dorientation-pratique-1.jpg?zoom=2&amp;resize=400%2C300&amp;ssl=1 800w\" sizes=\"auto, (max-width: 400px) 100vw, 400px\" data-attachment-id=\"7120\" data-permalink=\"https:\/\/crops4hd.org\/fr\/2024\/chad-2eme-atelier-pratique-pour-le-developpement-de-produits\/seance-dorientation-pratique-2\/\" data-orig-file=\"https:\/\/i0.wp.com\/crops4hd.org\/wp-content\/uploads\/2024\/12\/Seance-dorientation-pratique-1.jpg?fit=860%2C387&amp;ssl=1\" data-orig-size=\"860,387\" data-comments-opened=\"0\" data-image-meta=\"{&quot;aperture&quot;:&quot;0&quot;,&quot;credit&quot;:&quot;&quot;,&quot;camera&quot;:&quot;&quot;,&quot;caption&quot;:&quot;&quot;,&quot;created_timestamp&quot;:&quot;0&quot;,&quot;copyright&quot;:&quot;&quot;,&quot;focal_length&quot;:&quot;0&quot;,&quot;iso&quot;:&quot;0&quot;,&quot;shutter_speed&quot;:&quot;0&quot;,&quot;title&quot;:&quot;&quot;,&quot;orientation&quot;:&quot;0&quot;}\" data-image-title=\"S\u00e9ance d&amp;rsquo;orientation pratique\" data-image-description=\"\" data-image-caption=\"\" data-large-file=\"https:\/\/i0.wp.com\/crops4hd.org\/wp-content\/uploads\/2024\/12\/Seance-dorientation-pratique-1.jpg?fit=750%2C338&amp;ssl=1\" \/>\t\t\t\t\t\t\t\t\t\t\t\t<\/a>\n\t\t\t\t\n\t\t\t\t\t\t\t<\/figure><!-- .featured-image -->\n\t\t\n\t\t<div class=\"entry-wrapper\">\n\t\t\t<h2 class=\"entry-title\"><a href=\"https:\/\/crops4hd.org\/fr\/2024\/chad-2eme-atelier-pratique-pour-le-developpement-de-produits\/\" rel=\"bookmark\">Tchad\u00a0: 2\u00e8me atelier pratique pour le d\u00e9veloppement de produits<\/a><\/h2>\t\t\t\t\t\t<p>Le 25 et 26 octobre 2024 s\u2019est tenu le 2\u00e8me atelier pratique pour le d\u00e9veloppement de produits au Tchad, \u00e0 l\u2019Unit\u00e9 de production agroalimentaire de Gassi. Cet atelier pratique a r\u00e9uni les acteur-rice-s impliqu\u00e9s dans le processus PMCA mis en \u0153uvre dans le cadre de CROPS4HD. <\/p>\n\t\t\t\t<a class=\"more-link\" href=\"https:\/\/crops4hd.org\/fr\/2024\/chad-2eme-atelier-pratique-pour-le-developpement-de-produits\/\" rel=\"bookmark\">\n\t\t\t\t\tFull article\t\t\t\t<\/a>\n\t\t\t\t\t\t\t\t<div class=\"entry-meta\">\n\t\t\t\t\t<time class=\"entry-date published\" datetime=\"2024-12-19T10:03:38+01:00\">19 d\u00e9cembre 2024<\/time><time class=\"updated\" datetime=\"2025-01-07T14:03:16+01:00\">7 janvier 2025<\/time>\t\t\t\t<\/div><!-- .entry-meta -->\n\t\t\t\t\t<\/div><!-- .entry-wrapper -->\n\t<\/article>\n\n\t\t\n\t<article data-post-id=\"6874\"\n\t\tclass=\"category-chad-fr category-general-fr type-post post-has-image\"\n\t\t\t\t>\n\t\t\t\t\t\t\t<figure class=\"post-thumbnail\">\n\t\t\t\t\t\t\t\t<a href=\"https:\/\/crops4hd.org\/fr\/2024\/les-inondations-au-tchad-des-defis-majeurs-pour-le-projet-crops4hd\/\" rel=\"bookmark\" tabindex=\"-1\" aria-hidden=\"true\">\n\t\t\t\t\t\t\t\t\t\t\t\t<img loading=\"lazy\" decoding=\"async\" width=\"800\" height=\"600\" src=\"https:\/\/i0.wp.com\/crops4hd.org\/wp-content\/uploads\/2024\/11\/FB_IMG_1730199843446.jpg?resize=800%2C600&amp;ssl=1\" class=\"attachment-newspack-article-block-landscape-medium size-newspack-article-block-landscape-medium wp-post-image\" alt=\"Les inondations au Tchad : des d\u00e9fis majeurs pour le projet CROPS4HD\" data-hero-candidate=\"1\" data-attachment-id=\"6892\" data-permalink=\"https:\/\/crops4hd.org\/fr\/2024\/les-inondations-au-tchad-des-defis-majeurs-pour-le-projet-crops4hd\/fb_img_1730199843446-2\/\" data-orig-file=\"https:\/\/i0.wp.com\/crops4hd.org\/wp-content\/uploads\/2024\/11\/FB_IMG_1730199843446.jpg?fit=960%2C837&amp;ssl=1\" data-orig-size=\"960,837\" data-comments-opened=\"0\" data-image-meta=\"{&quot;aperture&quot;:&quot;0&quot;,&quot;credit&quot;:&quot;&quot;,&quot;camera&quot;:&quot;&quot;,&quot;caption&quot;:&quot;&quot;,&quot;created_timestamp&quot;:&quot;0&quot;,&quot;copyright&quot;:&quot;&quot;,&quot;focal_length&quot;:&quot;0&quot;,&quot;iso&quot;:&quot;0&quot;,&quot;shutter_speed&quot;:&quot;0&quot;,&quot;title&quot;:&quot;&quot;,&quot;orientation&quot;:&quot;0&quot;}\" data-image-title=\"FB_IMG_1730199843446\" data-image-description=\"\" data-image-caption=\"\" data-large-file=\"https:\/\/i0.wp.com\/crops4hd.org\/wp-content\/uploads\/2024\/11\/FB_IMG_1730199843446.jpg?fit=750%2C654&amp;ssl=1\" \/>\t\t\t\t\t\t\t\t\t\t\t\t<\/a>\n\t\t\t\t\n\t\t\t\t\t\t\t<\/figure><!-- .featured-image -->\n\t\t\n\t\t<div class=\"entry-wrapper\">\n\t\t\t<h2 class=\"entry-title\"><a href=\"https:\/\/crops4hd.org\/fr\/2024\/les-inondations-au-tchad-des-defis-majeurs-pour-le-projet-crops4hd\/\" rel=\"bookmark\">Les inondations au Tchad : des d\u00e9fis majeurs pour le projet CROPS4HD<\/a><\/h2>\t\t\t\t\t\t<p>Le Tchad subi-t-il l\u2019irr\u00e9versibilit\u00e9 des effets du changement climatique ? Depuis plus de trois ann\u00e9es successives, le ph\u00e9nom\u00e8ne des inondations est r\u00e9p\u00e9titif dans le pays. 2024 en d\u00e9tient le record. Informez-vous sur les d\u00e9fis rencontr\u00e9s et comment CROP4HD peut aider les paysan-ne-s \u00e0 faire face.<\/p>\n\t\t\t\t<a class=\"more-link\" href=\"https:\/\/crops4hd.org\/fr\/2024\/les-inondations-au-tchad-des-defis-majeurs-pour-le-projet-crops4hd\/\" rel=\"bookmark\">\n\t\t\t\t\tFull article\t\t\t\t<\/a>\n\t\t\t\t\t\t\t\t<div class=\"entry-meta\">\n\t\t\t\t\t<time class=\"entry-date published\" datetime=\"2024-11-11T17:54:31+01:00\">11 novembre 2024<\/time><time class=\"updated\" datetime=\"2024-11-28T10:52:04+01:00\">28 novembre 2024<\/time>\t\t\t\t<\/div><!-- .entry-meta -->\n\t\t\t\t\t<\/div><!-- .entry-wrapper -->\n\t<\/article>\n\n\t\t\t\t<\/div>\n\t\t\n\t<\/div>\n\t\n\n\n<div style=\"height:96px\" aria-hidden=\"true\" class=\"wp-block-spacer\"><\/div>\n<\/div><\/div>\n\n<p class=\"wp-block-paragraph\"><\/p>\n","protected":false},"excerpt":{"rendered":"<p>Contexte Le Tchad est un pays moins d\u00e9velopp\u00e9, avec une abondance de produits agricoles riches en biodiversit\u00e9, mais aussi une forte incidence de malnutrition et de pauvret\u00e9. Le Tchad offre la possibilit\u00e9 de compl\u00e9ter le programme de la DDC intitul\u00e9 Op\u00e9rationalisation de la fili\u00e8re semenci\u00e8re \u00a0\u00bb en ouvrant l&rsquo;acc\u00e8s \u00e0 des semences paysannes abordables et<a class=\"more-link\" href=\"https:\/\/crops4hd.org\/fr\/regions-du-projet\/chad-2\/\">Lire la suite <span class=\"screen-reader-text\">\u00ab\u00a0Tchad\u00a0\u00bb<\/span><\/a><\/p>\n","protected":false},"author":208713460,"featured_media":2789,"parent":2903,"menu_order":0,"comment_status":"closed","ping_status":"closed","template":"","meta":{"_coblocks_attr":"","_coblocks_dimensions":"","_coblocks_responsive_height":"","_coblocks_accordion_ie_support":"","_crdt_document":"","advanced_seo_description":"","jetpack_seo_html_title":"","jetpack_seo_noindex":false,"cybocfi_hide_featured_image":"","footnotes":""},"categories":[],"tags":[],"class_list":["post-3037","page","type-page","status-publish","has-post-thumbnail","hentry","entry"],"jetpack_likes_enabled":true,"jetpack_sharing_enabled":true,"jetpack_shortlink":"https:\/\/wp.me\/PddCZR-MZ","amp_enabled":true,"_links":{"self":[{"href":"https:\/\/crops4hd.org\/fr\/wp-json\/wp\/v2\/pages\/3037","targetHints":{"allow":["GET"]}}],"collection":[{"href":"https:\/\/crops4hd.org\/fr\/wp-json\/wp\/v2\/pages"}],"about":[{"href":"https:\/\/crops4hd.org\/fr\/wp-json\/wp\/v2\/types\/page"}],"author":[{"embeddable":true,"href":"https:\/\/crops4hd.org\/fr\/wp-json\/wp\/v2\/users\/208713460"}],"replies":[{"embeddable":true,"href":"https:\/\/crops4hd.org\/fr\/wp-json\/wp\/v2\/comments?post=3037"}],"version-history":[{"count":14,"href":"https:\/\/crops4hd.org\/fr\/wp-json\/wp\/v2\/pages\/3037\/revisions"}],"predecessor-version":[{"id":4966,"href":"https:\/\/crops4hd.org\/fr\/wp-json\/wp\/v2\/pages\/3037\/revisions\/4966"}],"up":[{"embeddable":true,"href":"https:\/\/crops4hd.org\/fr\/wp-json\/wp\/v2\/pages\/2903"}],"wp:featuredmedia":[{"embeddable":true,"href":"https:\/\/crops4hd.org\/fr\/wp-json\/wp\/v2\/media\/2789"}],"wp:attachment":[{"href":"https:\/\/crops4hd.org\/fr\/wp-json\/wp\/v2\/media?parent=3037"}],"wp:term":[{"taxonomy":"category","embeddable":true,"href":"https:\/\/crops4hd.org\/fr\/wp-json\/wp\/v2\/categories?post=3037"},{"taxonomy":"post_tag","embeddable":true,"href":"https:\/\/crops4hd.org\/fr\/wp-json\/wp\/v2\/tags?post=3037"}],"curies":[{"name":"wp","href":"https:\/\/api.w.org\/{rel}","templated":true}]}}