{"id":3043,"date":"2021-07-13T09:42:25","date_gmt":"2021-07-13T07:42:25","guid":{"rendered":"https:\/\/crops4hd.org\/impressum\/"},"modified":"2024-08-05T08:53:03","modified_gmt":"2024-08-05T06:53:03","slug":"impressum-2","status":"publish","type":"page","link":"https:\/\/crops4hd.org\/fr\/impressum-2\/","title":{"rendered":"Impressum"},"content":{"rendered":"\n<div class=\"wp-block-group alignfull has-background-background-color has-background\"><div class=\"wp-block-group__inner-container is-layout-flow wp-block-group-is-layout-flow\">\n<div class=\"wp-block-jetpack-layout-grid alignfull column1-desktop-grid__span-4 column1-desktop-grid__row-1 column2-desktop-grid__span-8 column2-desktop-grid__start-5 column2-desktop-grid__row-1 column1-tablet-grid__span-4 column1-tablet-grid__row-1 column2-tablet-grid__span-4 column2-tablet-grid__start-5 column2-tablet-grid__row-1 column1-mobile-grid__span-4 column1-mobile-grid__row-1 column2-mobile-grid__span-4 column2-mobile-grid__row-2\">\n<div class=\"wp-block-jetpack-layout-grid-column wp-block-jetpack-layout-grid__padding-none\">\n<h2 class=\"wp-block-heading\">\u00c9DITEUR<\/h2>\n\n\n\n<p class=\"wp-block-paragraph\"><\/p>\n<\/div>\n\n\n\n<div class=\"wp-block-jetpack-layout-grid-column wp-block-jetpack-layout-grid__padding-none\">\n<p class=\"wp-block-paragraph\">SWISSAID<br\/>Lorystrasse 6a<br\/>3008 Berne<br\/>Suisse<br\/>T\u00e9l. 031 350 53 53<br\/>Fax 031 351 27 83<br\/><a href=\"mailto:info@swissaid.ch\">info@swissaid.ch<\/a><\/p>\n\n\n\n<p class=\"wp-block-paragraph\"><strong>Retour d&rsquo;information<\/strong><br\/><a href=\"mailto:info@swissaid.ch\">info@swissaid.ch<\/a><\/p>\n\n\n\n<p class=\"has-text-align-justify wp-block-paragraph\"><strong>Responsabilit\u00e9<\/strong><br\/>Nous v\u00e9rifions soigneusement tous les liens externes, mais nous ne pouvons \u00eatre tenus responsables du contenu de ces liens. Les personnes responsables des pages vers lesquelles ce site renvoie sont exclusivement responsables du contenu de leurs pages.<\/p>\n\n\n\n<p class=\"has-text-align-justify wp-block-paragraph\"><strong>Droits d&rsquo;auteur Illustrations et texte<\/strong><br\/>SWISSAID d\u00e9tient les droits d&rsquo;auteur de la plupart des illustrations et a le droit l\u00e9gal d&rsquo;en utiliser d&rsquo;autres. Les illustrations et les textes ne peuvent \u00eatre utilis\u00e9s qu&rsquo;avec l&rsquo;accord de SWISSAID et uniquement si les droits d&rsquo;auteur sont mentionn\u00e9s.<\/p>\n\n\n\n<p class=\"has-text-align-justify wp-block-paragraph\"><strong>Traduction<\/strong><br\/>La traduction de ce site web est effectu\u00e9e par une intelligence artificielle, c&rsquo;est pourquoi nous ne pouvons pas fournir une traduction \u00e9quivalente \u00e0 un texte dans la langue d&rsquo;origine.<\/p>\n\n\n\n<p class=\"wp-block-paragraph\"><strong>Protection des donn\u00e9es<\/strong><\/p>\n\n\n\n<p class=\"wp-block-paragraph\">Les dispositions de SWISSAID en mati\u00e8re de protection des donn\u00e9es peuvent \u00eatre consult\u00e9es <a rel=\"noreferrer noopener\" href=\"https:\/\/www.swissaid.ch\/en\/privacy-policy\/\" target=\"_blank\">ici<\/a>.<\/p>\n\n\n\n<div style=\"height:32px\" aria-hidden=\"true\" class=\"wp-block-spacer\"><\/div>\n<\/div>\n<\/div>\n<\/div><\/div>\n\n<p class=\"wp-block-paragraph\"><\/p>\n","protected":false},"excerpt":{"rendered":"<p>\u00c9DITEUR SWISSAIDLorystrasse 6a3008 BerneSuisseT\u00e9l. 031 350 53 53Fax 031 351 27 83info@swissaid.ch Retour d&rsquo;informationinfo@swissaid.ch Responsabilit\u00e9Nous v\u00e9rifions soigneusement tous les liens externes, mais nous ne pouvons \u00eatre tenus responsables du contenu de ces liens. Les personnes responsables des pages vers lesquelles ce site renvoie sont exclusivement responsables du contenu de leurs pages. Droits d&rsquo;auteur Illustrations et<a class=\"more-link\" href=\"https:\/\/crops4hd.org\/fr\/impressum-2\/\">Lire la suite <span class=\"screen-reader-text\">\u00ab\u00a0Impressum\u00a0\u00bb<\/span><\/a><\/p>\n","protected":false},"author":208713460,"featured_media":0,"parent":0,"menu_order":0,"comment_status":"closed","ping_status":"closed","template":"","meta":{"_coblocks_attr":"","_coblocks_dimensions":"","_coblocks_responsive_height":"","_coblocks_accordion_ie_support":"","_crdt_document":"","advanced_seo_description":"","jetpack_seo_html_title":"","jetpack_seo_noindex":false,"cybocfi_hide_featured_image":"","footnotes":""},"categories":[],"tags":[],"class_list":["post-3043","page","type-page","status-publish","hentry","entry"],"jetpack_likes_enabled":true,"jetpack_sharing_enabled":true,"jetpack_shortlink":"https:\/\/wp.me\/PddCZR-N5","amp_enabled":true,"_links":{"self":[{"href":"https:\/\/crops4hd.org\/fr\/wp-json\/wp\/v2\/pages\/3043","targetHints":{"allow":["GET"]}}],"collection":[{"href":"https:\/\/crops4hd.org\/fr\/wp-json\/wp\/v2\/pages"}],"about":[{"href":"https:\/\/crops4hd.org\/fr\/wp-json\/wp\/v2\/types\/page"}],"author":[{"embeddable":true,"href":"https:\/\/crops4hd.org\/fr\/wp-json\/wp\/v2\/users\/208713460"}],"replies":[{"embeddable":true,"href":"https:\/\/crops4hd.org\/fr\/wp-json\/wp\/v2\/comments?post=3043"}],"version-history":[{"count":9,"href":"https:\/\/crops4hd.org\/fr\/wp-json\/wp\/v2\/pages\/3043\/revisions"}],"predecessor-version":[{"id":5326,"href":"https:\/\/crops4hd.org\/fr\/wp-json\/wp\/v2\/pages\/3043\/revisions\/5326"}],"wp:attachment":[{"href":"https:\/\/crops4hd.org\/fr\/wp-json\/wp\/v2\/media?parent=3043"}],"wp:term":[{"taxonomy":"category","embeddable":true,"href":"https:\/\/crops4hd.org\/fr\/wp-json\/wp\/v2\/categories?post=3043"},{"taxonomy":"post_tag","embeddable":true,"href":"https:\/\/crops4hd.org\/fr\/wp-json\/wp\/v2\/tags?post=3043"}],"curies":[{"name":"wp","href":"https:\/\/api.w.org\/{rel}","templated":true}]}}