{"id":3051,"date":"2021-07-08T15:09:30","date_gmt":"2021-07-08T13:09:30","guid":{"rendered":"https:\/\/crops4hd.org\/a-propos-de-nous\/"},"modified":"2022-10-18T10:18:38","modified_gmt":"2022-10-18T08:18:38","slug":"a-propos-de-nous-2","status":"publish","type":"page","link":"https:\/\/crops4hd.org\/fr\/a-propos-de-nous-2\/","title":{"rendered":"A propos"},"content":{"rendered":"\n<div class=\"wp-block-media-text alignfull is-stacked-on-mobile is-image-fill has-primary-background-color has-background\"><figure class=\"wp-block-media-text__media\" style=\"background-image:url(https:\/\/crops4hd.org\/wp-content\/uploads\/2021\/09\/TS2248-3000x2000.jpg);background-position:31% 70%\"><img data-recalc-dims=\"1\" loading=\"lazy\" decoding=\"async\" width=\"750\" height=\"500\" src=\"https:\/\/i0.wp.com\/crops4hd.org\/wp-content\/uploads\/2021\/09\/TS2248.jpg?resize=750%2C500&#038;ssl=1\" alt=\"\" class=\"wp-image-1345 size-full\" srcset=\"https:\/\/i0.wp.com\/crops4hd.org\/wp-content\/uploads\/2021\/09\/TS2248.jpg?resize=3000%2C2000&amp;ssl=1 3000w, https:\/\/i0.wp.com\/crops4hd.org\/wp-content\/uploads\/2021\/09\/TS2248.jpg?resize=300%2C200&amp;ssl=1 300w, https:\/\/i0.wp.com\/crops4hd.org\/wp-content\/uploads\/2021\/09\/TS2248.jpg?resize=768%2C512&amp;ssl=1 768w, https:\/\/i0.wp.com\/crops4hd.org\/wp-content\/uploads\/2021\/09\/TS2248.jpg?resize=1536%2C1024&amp;ssl=1 1536w, https:\/\/i0.wp.com\/crops4hd.org\/wp-content\/uploads\/2021\/09\/TS2248.jpg?resize=2048%2C1365&amp;ssl=1 2048w, https:\/\/i0.wp.com\/crops4hd.org\/wp-content\/uploads\/2021\/09\/TS2248.jpg?resize=1200%2C800&amp;ssl=1 1200w, https:\/\/i0.wp.com\/crops4hd.org\/wp-content\/uploads\/2021\/09\/TS2248.jpg?resize=1568%2C1045&amp;ssl=1 1568w, https:\/\/i0.wp.com\/crops4hd.org\/wp-content\/uploads\/2021\/09\/TS2248.jpg?w=2250&amp;ssl=1 2250w\" sizes=\"auto, (max-width: 750px) 100vw, 750px\" \/><\/figure><div class=\"wp-block-media-text__content\">\n<div style=\"height:40px\" aria-hidden=\"true\" class=\"wp-block-spacer\"><\/div>\n\n\n\n<h1 class=\"wp-block-heading\">A propos<\/h1>\n\n\n\n<p class=\"has-text-align-justify wp-block-paragraph\">CROPS4HD est un projet de collaboration internationale de trois ONG cofinanc\u00e9 par la Direction du D\u00e9velopement et de la Coop\u00e9artion (DDC), Programme global de s\u00e9curit\u00e9 alimentaire. Il d\u00e9butera en 2021 et durera dix ans. Les collaborateurs de CROPS4HD sont SWISSAID, FiBL, et AFSA.<\/p>\n\n\n\n<div style=\"height:40px\" aria-hidden=\"true\" class=\"wp-block-spacer\"><\/div>\n<\/div><\/div>\n\n<div style=\"height:100px\" aria-hidden=\"true\" class=\"wp-block-spacer\"><\/div>\n\n<div class=\"wp-block-group alignfull\"><div class=\"wp-block-group__inner-container is-layout-flow wp-block-group-is-layout-flow\">\n<div class=\"wp-block-jetpack-layout-grid alignfull column1-desktop-grid__span-3 column1-desktop-grid__start-2 column1-desktop-grid__row-1 column2-desktop-grid__span-6 column2-desktop-grid__start-6 column2-desktop-grid__row-1 column1-tablet-grid__span-3 column1-tablet-grid__row-1 column2-tablet-grid__span-5 column2-tablet-grid__start-4 column2-tablet-grid__row-1 column1-mobile-grid__span-4 column1-mobile-grid__row-1 column2-mobile-grid__span-4 column2-mobile-grid__row-2\">\n<div class=\"wp-block-jetpack-layout-grid-column wp-block-jetpack-layout-grid__padding-none\">\n<figure class=\"wp-block-image size-large is-resized\"><a href=\"https:\/\/www.swissaid.ch\/en\/\" target=\"_blank\" rel=\"noopener\"><img data-recalc-dims=\"1\" loading=\"lazy\" decoding=\"async\" src=\"https:\/\/i0.wp.com\/crops4hd.org\/wp-content\/uploads\/2021\/07\/swissaid_logo_rz_gross_transparent.png?resize=480%2C115&#038;ssl=1\" alt=\"\" class=\"wp-image-51\" width=\"480\" height=\"115\"\/><\/a><\/figure><\/div>\n\n\n\n<div class=\"wp-block-jetpack-layout-grid-column wp-block-jetpack-layout-grid__padding-none\">\n<h2 class=\"wp-block-heading\">SWISSAID<\/h2>\n\n\n\n<p class=\"has-text-align-justify wp-block-paragraph\">SWISSAID est une ONG Suisse qui vise \u00e0 am\u00e9liorer les conditions de vie et \u00e0 cr\u00e9er des opportunit\u00e9s pour les personnes d\u00e9favoris\u00e9es dans les zones rurales en Afrique, en Asie et en Am\u00e9rique latine. SWISSAID s&rsquo;engage \u00e0 transformer durablement les syst\u00e8mes alimentaires locaux en garantissant l&rsquo;acc\u00e8s \u00e0 la nourriture gr\u00e2ce \u00e0 l&rsquo;agro\u00e9cologie et \u00e0 l&rsquo;\u00e9galit\u00e9 des sexes.<\/p>\n\n\n\n<p class=\"wp-block-paragraph\"><strong><a href=\"https:\/\/www.swissaid.ch\/en\/\" target=\"_blank\" rel=\"noreferrer noopener\">Site web<\/a><\/strong><\/p>\n<\/div>\n<\/div>\n<\/div><\/div>\n\n<div style=\"height:100px\" aria-hidden=\"true\" class=\"wp-block-spacer\"><\/div>\n\n<div class=\"wp-block-group alignfull\"><div class=\"wp-block-group__inner-container is-layout-flow wp-block-group-is-layout-flow\">\n<div class=\"wp-block-jetpack-layout-grid alignfull column1-desktop-grid__span-3 column1-desktop-grid__start-2 column1-desktop-grid__row-1 column2-desktop-grid__span-6 column2-desktop-grid__start-6 column2-desktop-grid__row-1 column1-tablet-grid__span-3 column1-tablet-grid__row-1 column2-tablet-grid__span-5 column2-tablet-grid__start-4 column2-tablet-grid__row-1 column1-mobile-grid__span-4 column1-mobile-grid__row-1 column2-mobile-grid__span-4 column2-mobile-grid__row-2\">\n<div class=\"wp-block-jetpack-layout-grid-column wp-block-jetpack-layout-grid__padding-none\">\n<figure class=\"wp-block-image size-large is-resized\"><a href=\"https:\/\/www.fibl.org\/en\/\" target=\"_blank\" rel=\"noopener\"><img data-recalc-dims=\"1\" loading=\"lazy\" decoding=\"async\" src=\"https:\/\/i0.wp.com\/crops4hd.org\/wp-content\/uploads\/2021\/07\/fibl_signet.png?resize=358%2C150&#038;ssl=1\" alt=\"\" class=\"wp-image-58\" width=\"358\" height=\"150\"\/><\/a><\/figure><\/div>\n\n\n\n<div class=\"wp-block-jetpack-layout-grid-column wp-block-jetpack-layout-grid__padding-none\">\n<h2 class=\"wp-block-heading\">FiBL<\/h2>\n\n\n\n<p class=\"has-text-align-justify wp-block-paragraph\">L&rsquo;Institut de recherche de l&rsquo;agriculture biologique (FiBL) est l&rsquo;un des principaux instituts mondiaux dans le domaine de l&rsquo;agriculture biologique. Ses sites sont situ\u00e9s en Suisse, en Allemagne, en Autriche, en France et une repr\u00e9sentation \u00e0 Bruxelles (Belgique) par le biais de FiBL Europe. Les points forts du FiBL sont la recherche interdisciplinaire, les innovations d\u00e9velopp\u00e9es conjointement avec les agriculteurs et l&rsquo;industrie alimentaire, les projets de d\u00e9veloppement ax\u00e9s sur les solutions et le transfert rapide des connaissances de la recherche \u00e0 la pratique.<\/p>\n\n\n\n<p class=\"wp-block-paragraph\"><strong><a href=\"https:\/\/www.fibl.org\/en\/\" target=\"_blank\" rel=\"noreferrer noopener\">Site web<\/a><\/strong><\/p>\n<\/div>\n<\/div>\n<\/div><\/div>\n\n<div style=\"height:100px\" aria-hidden=\"true\" class=\"wp-block-spacer\"><\/div>\n\n<div class=\"wp-block-group alignfull\"><div class=\"wp-block-group__inner-container is-layout-flow wp-block-group-is-layout-flow\">\n<div class=\"wp-block-jetpack-layout-grid alignfull column1-desktop-grid__span-3 column1-desktop-grid__start-2 column1-desktop-grid__row-1 column2-desktop-grid__span-6 column2-desktop-grid__start-6 column2-desktop-grid__row-1 column1-tablet-grid__span-3 column1-tablet-grid__row-1 column2-tablet-grid__span-5 column2-tablet-grid__start-4 column2-tablet-grid__row-1 column1-mobile-grid__span-4 column1-mobile-grid__row-1 column2-mobile-grid__span-4 column2-mobile-grid__row-2\">\n<div class=\"wp-block-jetpack-layout-grid-column wp-block-jetpack-layout-grid__padding-none\">\n<figure class=\"wp-block-image size-large is-resized\"><a href=\"https:\/\/afsafrica.org\/\" target=\"_blank\" rel=\"noopener\"><img data-recalc-dims=\"1\" loading=\"lazy\" decoding=\"async\" src=\"https:\/\/i0.wp.com\/crops4hd.org\/wp-content\/uploads\/2021\/07\/afsa_signet.png?resize=453%2C183&#038;ssl=1\" alt=\"\" class=\"wp-image-60\" width=\"453\" height=\"183\"\/><\/a><\/figure><\/div>\n\n\n\n<div class=\"wp-block-jetpack-layout-grid-column wp-block-jetpack-layout-grid__padding-none\">\n<h2 class=\"wp-block-heading\">AFSA<\/h2>\n\n\n\n<p class=\"has-text-align-justify wp-block-paragraph\">L&rsquo;Alliance pour la souverainet\u00e9 alimentaire en Afrique (AFSA) est une large alliance de diff\u00e9rents acteurs de la soci\u00e9t\u00e9 civile qui font partie de la lutte pour la souverainet\u00e9 alimentaire et l&rsquo;agro\u00e9cologie en Afrique. Il s&rsquo;agit notamment : des organisations d&rsquo;agriculteurs africains, des r\u00e9seaux d&rsquo;ONG africaines, des ONG africaines sp\u00e9cialis\u00e9es, des mouvements de consommateurs en Afrique, des organisations internationales qui soutiennent la position de l&rsquo;AFSA, et des particuliers.<\/p>\n\n\n\n<p class=\"wp-block-paragraph\"><strong><a href=\"https:\/\/afsafrica.org\/\" target=\"_blank\" rel=\"noreferrer noopener\">Site web<\/a><\/strong><\/p>\n<\/div>\n<\/div>\n<\/div><\/div>\n\n<div style=\"height:100px\" aria-hidden=\"true\" class=\"wp-block-spacer\"><\/div>\n\n<div class=\"wp-block-cover alignfull is-light is-style-default\"><span aria-hidden=\"true\" class=\"wp-block-cover__background has-secondary-background-color has-background-dim-100 has-background-dim\"><\/span><div class=\"wp-block-cover__inner-container is-layout-flow wp-block-cover-is-layout-flow\">\n<h2 class=\"has-text-align-center margin-top-half has-background-color has-text-color wp-block-heading\">Apprenez \u00e0 conna\u00eetre nos donateurs institutionnels<\/h2>\n\n\n\n<div class=\"wp-block-buttons is-horizontal is-content-justification-center is-layout-flex wp-container-core-buttons-is-layout-cbcdc57d wp-block-buttons-is-layout-flex\">\n<div class=\"wp-block-button\"><a class=\"wp-block-button__link has-background-color has-text-color\" href=\"https:\/\/crops4hd.org\/fr\/a-propos-de-nous-2\/donateurs\/\">En savoir plus<\/a><\/div>\n<\/div>\n<\/div><\/div>\n\n<p class=\"wp-block-paragraph\"><\/p>\n","protected":false},"excerpt":{"rendered":"<p>SWISSAID SWISSAID est une ONG Suisse qui vise \u00e0 am\u00e9liorer les conditions de vie et \u00e0 cr\u00e9er des opportunit\u00e9s pour les personnes d\u00e9favoris\u00e9es dans les zones rurales en Afrique, en Asie et en Am\u00e9rique latine. SWISSAID s&rsquo;engage \u00e0 transformer durablement les syst\u00e8mes alimentaires locaux en garantissant l&rsquo;acc\u00e8s \u00e0 la nourriture gr\u00e2ce \u00e0 l&rsquo;agro\u00e9cologie et \u00e0<a class=\"more-link\" href=\"https:\/\/crops4hd.org\/fr\/a-propos-de-nous-2\/\">Lire la suite <span class=\"screen-reader-text\">\u00ab\u00a0A propos\u00a0\u00bb<\/span><\/a><\/p>\n","protected":false},"author":208713460,"featured_media":2790,"parent":0,"menu_order":0,"comment_status":"closed","ping_status":"closed","template":"","meta":{"_coblocks_attr":"","_coblocks_dimensions":"","_coblocks_responsive_height":"","_coblocks_accordion_ie_support":"","_crdt_document":"","advanced_seo_description":"","jetpack_seo_html_title":"","jetpack_seo_noindex":false,"cybocfi_hide_featured_image":"","footnotes":""},"categories":[],"tags":[],"class_list":["post-3051","page","type-page","status-publish","has-post-thumbnail","hentry","entry"],"jetpack_likes_enabled":true,"jetpack_sharing_enabled":true,"jetpack_shortlink":"https:\/\/wp.me\/PddCZR-Nd","amp_enabled":true,"_links":{"self":[{"href":"https:\/\/crops4hd.org\/fr\/wp-json\/wp\/v2\/pages\/3051","targetHints":{"allow":["GET"]}}],"collection":[{"href":"https:\/\/crops4hd.org\/fr\/wp-json\/wp\/v2\/pages"}],"about":[{"href":"https:\/\/crops4hd.org\/fr\/wp-json\/wp\/v2\/types\/page"}],"author":[{"embeddable":true,"href":"https:\/\/crops4hd.org\/fr\/wp-json\/wp\/v2\/users\/208713460"}],"replies":[{"embeddable":true,"href":"https:\/\/crops4hd.org\/fr\/wp-json\/wp\/v2\/comments?post=3051"}],"version-history":[{"count":12,"href":"https:\/\/crops4hd.org\/fr\/wp-json\/wp\/v2\/pages\/3051\/revisions"}],"predecessor-version":[{"id":3344,"href":"https:\/\/crops4hd.org\/fr\/wp-json\/wp\/v2\/pages\/3051\/revisions\/3344"}],"wp:featuredmedia":[{"embeddable":true,"href":"https:\/\/crops4hd.org\/fr\/wp-json\/wp\/v2\/media\/2790"}],"wp:attachment":[{"href":"https:\/\/crops4hd.org\/fr\/wp-json\/wp\/v2\/media?parent=3051"}],"wp:term":[{"taxonomy":"category","embeddable":true,"href":"https:\/\/crops4hd.org\/fr\/wp-json\/wp\/v2\/categories?post=3051"},{"taxonomy":"post_tag","embeddable":true,"href":"https:\/\/crops4hd.org\/fr\/wp-json\/wp\/v2\/tags?post=3051"}],"curies":[{"name":"wp","href":"https:\/\/api.w.org\/{rel}","templated":true}]}}