{"id":3161,"date":"2021-07-22T09:09:44","date_gmt":"2021-07-22T07:09:44","guid":{"rendered":"https:\/\/crops4hd.org\/sujets-de-projet\/politique\/"},"modified":"2024-02-08T11:38:22","modified_gmt":"2024-02-08T10:38:22","slug":"politique","status":"publish","type":"page","link":"https:\/\/crops4hd.org\/fr\/sujets-de-projet\/politique\/","title":{"rendered":"Politique"},"content":{"rendered":"\n<div class=\"wp-block-media-text alignfull has-media-on-the-right is-stacked-on-mobile is-image-fill a8c-section has-background-color has-primary-background-color has-text-color has-background\"><div class=\"wp-block-media-text__content\">\n<div class=\"wp-block-jetpack-layout-grid alignfull column1-desktop-grid__span-9 column1-desktop-grid__start-2 column1-desktop-grid__row-1 column1-tablet-grid__span-8 column1-tablet-grid__row-1 column1-mobile-grid__span-4 column1-mobile-grid__row-1\">\n<div class=\"wp-block-jetpack-layout-grid-column wp-block-jetpack-layout-grid__padding-none\">\n<div style=\"height:40px\" aria-hidden=\"true\" class=\"wp-block-spacer\"><\/div>\n\n\n\n<h1 class=\"wp-block-heading a8c-section-title has-background-color has-text-color\">Politique<\/h1>\n\n\n\n<p class=\"has-text-align-justify a8c-section-text has-background-color has-text-color wp-block-paragraph\">L&rsquo;aspect politique de la strat\u00e9gie de mise en \u0153uvre vise \u00e0 faire \u00e9voluer la politique et la l\u00e9gislation en mati\u00e8re de semences vers un \u00ab\u00a0syst\u00e8me semencier int\u00e9gr\u00e9\u00a0\u00bb.<\/p>\n\n\n\n<div style=\"height:40px\" aria-hidden=\"true\" class=\"wp-block-spacer\"><\/div>\n<\/div>\n<\/div>\n<\/div><figure class=\"wp-block-media-text__media\" style=\"background-image:url(https:\/\/crops4hd.org\/wp-content\/uploads\/2021\/08\/NI2539-Saatgut-Vielfalt.jpg);background-position:50% 50%\"><img data-recalc-dims=\"1\" loading=\"lazy\" decoding=\"async\" width=\"750\" height=\"500\" src=\"https:\/\/i0.wp.com\/crops4hd.org\/wp-content\/uploads\/2021\/08\/NI2539-Saatgut-Vielfalt.jpg?resize=750%2C500&#038;ssl=1\" alt=\"\" class=\"wp-image-1225 size-full\" srcset=\"https:\/\/i0.wp.com\/crops4hd.org\/wp-content\/uploads\/2021\/08\/NI2539-Saatgut-Vielfalt.jpg?w=2558&amp;ssl=1 2558w, https:\/\/i0.wp.com\/crops4hd.org\/wp-content\/uploads\/2021\/08\/NI2539-Saatgut-Vielfalt.jpg?resize=300%2C200&amp;ssl=1 300w, https:\/\/i0.wp.com\/crops4hd.org\/wp-content\/uploads\/2021\/08\/NI2539-Saatgut-Vielfalt.jpg?resize=768%2C512&amp;ssl=1 768w, https:\/\/i0.wp.com\/crops4hd.org\/wp-content\/uploads\/2021\/08\/NI2539-Saatgut-Vielfalt.jpg?resize=1536%2C1024&amp;ssl=1 1536w, https:\/\/i0.wp.com\/crops4hd.org\/wp-content\/uploads\/2021\/08\/NI2539-Saatgut-Vielfalt.jpg?resize=2048%2C1365&amp;ssl=1 2048w, https:\/\/i0.wp.com\/crops4hd.org\/wp-content\/uploads\/2021\/08\/NI2539-Saatgut-Vielfalt.jpg?resize=1200%2C800&amp;ssl=1 1200w, https:\/\/i0.wp.com\/crops4hd.org\/wp-content\/uploads\/2021\/08\/NI2539-Saatgut-Vielfalt.jpg?resize=1568%2C1045&amp;ssl=1 1568w, https:\/\/i0.wp.com\/crops4hd.org\/wp-content\/uploads\/2021\/08\/NI2539-Saatgut-Vielfalt.jpg?w=2250&amp;ssl=1 2250w\" sizes=\"auto, (max-width: 750px) 100vw, 750px\" \/><\/figure><\/div>\n\n\n\n<h3 class=\"wp-block-heading\">Strat\u00e9gie de mise en \u0153uvre<\/h3>\n\n\n\n<p class=\"has-text-align-justify wp-block-paragraph\">Le volet politique du projet porte sur deux syst\u00e8mes interconnect\u00e9s : les syst\u00e8mes de semences et les syst\u00e8mes alimentaires en g\u00e9n\u00e9ral. Le travail politique de CROPS4HD s&rsquo;adresse \u00e0 tous les niveaux &#8211; du local au national, en passant par le sous-r\u00e9gional et l&rsquo;international. Encore une fois, ces diff\u00e9rents niveaux sont \u00e9troitement li\u00e9s, ce qui permet \u00e0 CROPS4HD, par exemple, de d\u00e9ployer des \u00e9tudes montrant l&rsquo;importance du syst\u00e8me semencier paysan dans un pays en tant qu&rsquo;instruments de plaidoyer au niveau international.<\/p>\n\n\n\n<p class=\"has-text-align-justify wp-block-paragraph\">Le projet utilise une approche fond\u00e9e sur les droits humains, qui d\u00e9veloppe la capacit\u00e9 des d\u00e9tenteur-rice-s de devoirs \u00e0 respecter leurs obligations et encourage les d\u00e9tenteur-rice-s de droits \u00e0 faire valoir leurs droits. Les gouvernements sont ainsi sensibilis\u00e9s au fait qu&rsquo;ils ont trois niveaux d&rsquo;obligation : respecter, prot\u00e9ger et mettre en \u0153uvre les droits. Respecter un droit signifie s&rsquo;abstenir d&rsquo;interf\u00e9rer avec la jouissance de ce droit. Prot\u00e9ger un droit signifie emp\u00eacher d&rsquo;autres parties d&rsquo;interf\u00e9rer avec la jouissance de ce droit. R\u00e9aliser un droit signifie prendre des mesures actives pour mettre en place des lois, des politiques, des institutions et des proc\u00e9dures, y compris l&rsquo;allocation de ressources, pour permettre aux personnes de jouir de leurs droits.<\/p>\n\n\n\n<p class=\"has-text-align-justify wp-block-paragraph\">Pour CROPS4HD, il s&rsquo;agit d&rsquo;une voie \u00e0 double sens : les paysan-ne-s, mais aussi les consommateur-rice-s et leurs organisations doivent \u00eatre pleinement inform\u00e9-e-s de leurs droits et avoir les moyens de participer aux d\u00e9cisions qui les concernent. D&rsquo;autre part, les responsables tels que les gouvernements n&rsquo;ont souvent pas connaissance de la r\u00e9alit\u00e9 des paysan-ne-s et ne sont pas en mesure de remplir leur devoir de protection des droits des paysan-ne-s. Par cons\u00e9quent, le projet recueille des preuves pour de meilleures d\u00e9cisions politiques et aide les paysan-ne-s et leurs organisations \u00e0 entamer un dialogue avec les responsables politiques afin de les aider \u00e0 mener leur propre d\u00e9veloppement, plut\u00f4t que de b\u00e9n\u00e9ficier passivement de services.<\/p>\n\n\n\n<p class=\"has-text-align-justify wp-block-paragraph\">CROPS4HD d\u00e9ploie une th\u00e9orie de changement pour son travail politique, comprenant quatre activit\u00e9s cl\u00e9s, qui s&rsquo;appuient les unes sur les autres et peuvent fonctionner en parall\u00e8le aux diff\u00e9rents niveaux de mise en \u0153uvre :<\/p>\n\n\n\n<ol class=\"wp-block-list\">\n<li>la collecte de preuves, <\/li>\n\n\n\n<li>la sensibilisation du public, <\/li>\n\n\n\n<li>la cr\u00e9ation de mouvements, et <\/li>\n\n\n\n<li>l&rsquo;engagement avec des espaces politiques. <\/li>\n<\/ol>\n\n\n\n<p class=\"has-text-align-justify wp-block-paragraph\">Ces \u00e9tapes sont li\u00e9es aux activit\u00e9s des autres strat\u00e9gies de mise en \u0153uvre, et CROPS4HD cherche \u00e0 exploiter les synergies et \u00e0 int\u00e9grer le travail de plaidoyer avec la <a href=\"https:\/\/crops4hd.org\/fr\/sujets-de-projet\/demande\/\" data-type=\"page\" data-id=\"389\">sensibilisation<\/a> aux avantages des cultures et vari\u00e9t\u00e9s traditionnelles et l&rsquo;am\u00e9lioration de leurs <a href=\"https:\/\/crops4hd.org\/fr\/sujets-de-projet\/approvisionnement\/\">techniques de culture<\/a>.<\/p>\n\n\n\n<h3 class=\"wp-block-heading\">Principaux objectifs<\/h3>\n\n\n\n<div class=\"wp-block-jetpack-layout-grid alignfull column1-desktop-grid__span-3 column1-desktop-grid__start-2 column1-desktop-grid__row-1 column2-desktop-grid__span-6 column2-desktop-grid__start-6 column2-desktop-grid__row-1 column1-tablet-grid__span-3 column1-tablet-grid__row-1 column2-tablet-grid__span-5 column2-tablet-grid__start-4 column2-tablet-grid__row-1 column1-mobile-grid__span-4 column1-mobile-grid__row-1 column2-mobile-grid__span-4 column2-mobile-grid__row-2\">\n<div class=\"wp-block-jetpack-layout-grid-column wp-block-jetpack-layout-grid__padding-none is-vertically-aligned-top\">\n<h6 class=\"wp-block-heading has-text-align-center\"><a href=\"https:\/\/crops4hd.org\/fr\/regions-du-projet\/tanzanie\/\" data-type=\"page\" data-id=\"384\">Tanzanie<\/a><\/h6>\n<\/div>\n\n\n\n<div class=\"wp-block-jetpack-layout-grid-column wp-block-jetpack-layout-grid__padding-none is-vertically-aligned-top\">\n<ol class=\"wp-block-list\">\n<li>Am\u00e9lioration de l&rsquo;efficacit\u00e9 des politiques infranationales et des cadres juridiques dans le domaine de l&rsquo;agriculture et de la sylviculture pour les petits paysan-ne-s.<\/li>\n\n\n\n<li>100 responsables politiques sont contact\u00e9s.<\/li>\n<\/ol>\n<\/div>\n<\/div>\n\n\n\n<hr class=\"wp-block-separator has-css-opacity is-style-wide\"\/>\n\n\n\n<div class=\"wp-block-jetpack-layout-grid alignfull column1-desktop-grid__span-3 column1-desktop-grid__start-2 column1-desktop-grid__row-1 column2-desktop-grid__span-6 column2-desktop-grid__start-6 column2-desktop-grid__row-1 column1-tablet-grid__span-3 column1-tablet-grid__row-1 column2-tablet-grid__span-5 column2-tablet-grid__start-4 column2-tablet-grid__row-1 column1-mobile-grid__span-4 column1-mobile-grid__row-1 column2-mobile-grid__span-4 column2-mobile-grid__row-2\">\n<div class=\"wp-block-jetpack-layout-grid-column wp-block-jetpack-layout-grid__padding-none is-vertically-aligned-top\">\n<h6 class=\"wp-block-heading has-text-align-center\"> <a href=\"https:\/\/crops4hd.org\/fr\/regions-du-projet\/chad-2\/\" data-type=\"page\" data-id=\"391\">Tchad<\/a><\/h6>\n<\/div>\n\n\n\n<div class=\"wp-block-jetpack-layout-grid-column wp-block-jetpack-layout-grid__padding-none is-vertically-aligned-top\">\n<ol class=\"wp-block-list\">\n<li>Am\u00e9lioration de l&rsquo;efficacit\u00e9 des politiques infranationales et des cadres juridiques dans le domaine de l&rsquo;agriculture et de la sylviculture pour les petits paysan-ne-s.<\/li>\n<\/ol>\n\n\n\n<p class=\"wp-block-paragraph\"><\/p>\n<\/div>\n<\/div>\n\n\n\n<hr class=\"wp-block-separator has-css-opacity is-style-wide\"\/>\n\n\n\n<div class=\"wp-block-jetpack-layout-grid alignfull column1-desktop-grid__span-3 column1-desktop-grid__start-2 column1-desktop-grid__row-1 column2-desktop-grid__span-6 column2-desktop-grid__start-6 column2-desktop-grid__row-1 column1-tablet-grid__span-3 column1-tablet-grid__row-1 column2-tablet-grid__span-5 column2-tablet-grid__start-4 column2-tablet-grid__row-1 column1-mobile-grid__span-4 column1-mobile-grid__row-1 column2-mobile-grid__span-4 column2-mobile-grid__row-2\">\n<div class=\"wp-block-jetpack-layout-grid-column wp-block-jetpack-layout-grid__padding-none is-vertically-aligned-top\">\n<h6 class=\"wp-block-heading has-text-align-center\"><a href=\"https:\/\/crops4hd.org\/fr\/regions-du-projet\/niger\/\" data-type=\"page\" data-id=\"393\">Niger<\/a><\/h6>\n<\/div>\n\n\n\n<div class=\"wp-block-jetpack-layout-grid-column wp-block-jetpack-layout-grid__padding-none is-vertically-aligned-top\">\n<ol class=\"wp-block-list\">\n<li>Am\u00e9lioration de l&rsquo;efficacit\u00e9 des politiques infranationales et des cadres juridiques dans le domaine de l&rsquo;agriculture et de la sylviculture pour les petits paysan-ne-s.<\/li>\n<\/ol>\n\n\n\n<p class=\"wp-block-paragraph\"><\/p>\n<\/div>\n<\/div>\n\n\n\n<hr class=\"wp-block-separator has-css-opacity is-style-wide\"\/>\n\n\n\n<div class=\"wp-block-jetpack-layout-grid alignfull column1-desktop-grid__span-3 column1-desktop-grid__start-2 column1-desktop-grid__row-1 column2-desktop-grid__span-6 column2-desktop-grid__start-6 column2-desktop-grid__row-1 column1-tablet-grid__span-3 column1-tablet-grid__row-1 column2-tablet-grid__span-5 column2-tablet-grid__start-4 column2-tablet-grid__row-1 column1-mobile-grid__span-4 column1-mobile-grid__row-1 column2-mobile-grid__span-4 column2-mobile-grid__row-2\">\n<div class=\"wp-block-jetpack-layout-grid-column wp-block-jetpack-layout-grid__padding-none is-vertically-aligned-top\">\n<h6 class=\"wp-block-heading has-text-align-center\"><a href=\"https:\/\/crops4hd.org\/fr\/regions-du-projet\/inde-2\/\" data-type=\"page\" data-id=\"170\">Inde<\/a><\/h6>\n<\/div>\n\n\n\n<div class=\"wp-block-jetpack-layout-grid-column wp-block-jetpack-layout-grid__padding-none is-vertically-aligned-top\">\n<ol class=\"wp-block-list\">\n<li>Am\u00e9lioration de l&rsquo;efficacit\u00e9 des politiques infranationales et des cadres juridiques dans le domaine de l&rsquo;agriculture et de la sylviculture pour les petits paysan-ne-s.<\/li>\n<\/ol>\n\n\n\n<p class=\"wp-block-paragraph\"><\/p>\n<\/div>\n<\/div>\n\n\n\n<div class=\"wp-block-cover alignfull is-light is-style-default\"><span aria-hidden=\"true\" class=\"wp-block-cover__background has-secondary-background-color has-background-dim-100 has-background-dim\"><\/span><div class=\"wp-block-cover__inner-container is-layout-flow wp-block-cover-is-layout-flow\">\n<p class=\"has-text-align-center margin-bottom-half wp-block-paragraph\"><\/p>\n\n\n\n<h2 class=\"wp-block-heading has-text-align-center margin-top-half has-background-color has-text-color\">Les derni\u00e8res nouvelles<\/h2>\n\n\n\n<div style=\"height:20px\" aria-hidden=\"true\" class=\"wp-block-spacer\"><\/div>\n\n\n\t<div\n\t\tclass=\"wp-block-newspack-blocks-homepage-articles alignwide  wpnbha is-grid columns-3 colgap-3 show-image image-aligntop ts-3 is-3 is-landscape  has-text-align-left has-text-color has-foreground-color\"\n\t\tstyle=\"\"\n\t\t>\n\t\t\t\t\t<style id=\"newspack-blocks-inline-css\" type=\"text\/css\">\t\t.wp-block-newspack-blocks-homepage-articles article .entry-title {\n\t\t\tfont-size: 1.2em;\n\t\t}\n\t\t.wp-block-newspack-blocks-homepage-articles .entry-meta {\n\t\t\tdisplay: flex;\n\t\t\tflex-wrap: wrap;\n\t\t\talign-items: center;\n\t\t\tmargin-top: 0.5em;\n\t\t}\n\t\t.wp-block-newspack-blocks-homepage-articles article .entry-meta {\n\t\t\tfont-size: 0.8em;\n\t\t}\n\t\t.wp-block-newspack-blocks-homepage-articles article .avatar {\n\t\t\theight: 25px;\n\t\t\twidth: 25px;\n\t\t}\n\t\t.wp-block-newspack-blocks-homepage-articles .post-thumbnail{\n\t\t\tmargin: 0;\n\t\t\tmargin-bottom: 0.25em;\n\t\t}\n\t\t.wp-block-newspack-blocks-homepage-articles .post-thumbnail img {\n\t\t\theight: auto;\n\t\t\twidth: 100%;\n\t\t}\n\t\t.wp-block-newspack-blocks-homepage-articles .post-thumbnail figcaption {\n\t\t\tmargin-bottom: 0.5em;\n\t\t}\n\t\t.wp-block-newspack-blocks-homepage-articles p {\n\t\t\tmargin: 0.5em 0;\n\t\t}\n\n\t\t.wpnbha.ts-3 .entry-title{font-size: 1em}.wpnbha.ts-3 article .newspack-post-subtitle, .wpnbha.ts-3 article .entry-wrapper p, .wpnbha.ts-3 article .entry-wrapper .more-link, .wpnbha.ts-3 article .entry-meta {font-size: 0.8em;}\t<\/style>\n\t\t\t\t<div data-posts data-current-post-id=\"3161\">\n\t\t\t\t\t\t\n\t<article data-post-id=\"9515\"\n\t\tclass=\"category-general-fr category-politique type-post post-has-image\"\n\t\t\t\t>\n\t\t\t\t\t\t\t<figure class=\"post-thumbnail\">\n\t\t\t\t\t\t\t\t<a href=\"https:\/\/crops4hd.org\/fr\/2026\/webinaire-defendre-les-droits-des-paysan-ne-s-aux-semences-le-role-de-laction-judiciaire-en-afrique\/\" rel=\"bookmark\" tabindex=\"-1\" aria-hidden=\"true\">\n\t\t\t\t\t\t\t\t\t\t\t\t<img loading=\"lazy\" decoding=\"async\" width=\"800\" height=\"600\" src=\"https:\/\/i0.wp.com\/crops4hd.org\/wp-content\/uploads\/2026\/01\/ENG-4-e1768227885642.jpeg?resize=592%2C444&amp;ssl=1\" class=\"attachment-newspack-article-block-landscape-medium size-newspack-article-block-landscape-medium wp-post-image\" alt=\"Webinaire : D\u00e9fendre les droits des paysan-ne-s aux semences &#8211; le r\u00f4le de l&rsquo;action judiciaire en Afrique\" data-hero-candidate=\"1\" srcset=\"https:\/\/i0.wp.com\/crops4hd.org\/wp-content\/uploads\/2026\/01\/ENG-4-e1768227885642.jpeg?w=592&amp;ssl=1 592w, https:\/\/i0.wp.com\/crops4hd.org\/wp-content\/uploads\/2026\/01\/ENG-4-e1768227885642.jpeg?resize=300%2C225&amp;ssl=1 300w\" sizes=\"auto, (max-width: 750px) 100vw, 750px\" data-attachment-id=\"9517\" data-permalink=\"https:\/\/crops4hd.org\/fr\/2026\/webinaire-defendre-les-droits-des-paysan-ne-s-aux-semences-le-role-de-laction-judiciaire-en-afrique\/eng\/\" data-orig-file=\"https:\/\/i0.wp.com\/crops4hd.org\/wp-content\/uploads\/2026\/01\/ENG-4-e1768227885642.jpeg?fit=592%2C444&amp;ssl=1\" data-orig-size=\"592,444\" data-comments-opened=\"0\" data-image-meta=\"{&quot;aperture&quot;:&quot;0&quot;,&quot;credit&quot;:&quot;&quot;,&quot;camera&quot;:&quot;&quot;,&quot;caption&quot;:&quot;&quot;,&quot;created_timestamp&quot;:&quot;0&quot;,&quot;copyright&quot;:&quot;&quot;,&quot;focal_length&quot;:&quot;0&quot;,&quot;iso&quot;:&quot;0&quot;,&quot;shutter_speed&quot;:&quot;0&quot;,&quot;title&quot;:&quot;&quot;,&quot;orientation&quot;:&quot;0&quot;}\" data-image-title=\"ENG\" data-image-description=\"\" data-image-caption=\"\" data-large-file=\"https:\/\/i0.wp.com\/crops4hd.org\/wp-content\/uploads\/2026\/01\/ENG-4-e1768227885642.jpeg?fit=592%2C444&amp;ssl=1\" \/>\t\t\t\t\t\t\t\t\t\t\t\t<\/a>\n\t\t\t\t\n\t\t\t\t\t\t\t<\/figure><!-- .featured-image -->\n\t\t\n\t\t<div class=\"entry-wrapper\">\n\t\t\t<h2 class=\"entry-title\"><a href=\"https:\/\/crops4hd.org\/fr\/2026\/webinaire-defendre-les-droits-des-paysan-ne-s-aux-semences-le-role-de-laction-judiciaire-en-afrique\/\" rel=\"bookmark\">Webinaire : D\u00e9fendre les droits des paysan-ne-s aux semences &#8211; le r\u00f4le de l&rsquo;action judiciaire en Afrique<\/a><\/h2>\t\t\t\t\t\t<p>Dans un arr\u00eat historique, la Haute Cour du Kenya a jug\u00e9 inconstitutionnelle la loi k\u00e9nyane sur les semences et les vari\u00e9t\u00e9s v\u00e9g\u00e9tales. Pour en apprendre plus sur cette victoire de la soci\u00e9t\u00e9 civile k\u00e9nyane et sur l&rsquo;importance de cette d\u00e9cision pour les autres pays d&rsquo;Afrique et au-del\u00e0, participez au webinaire du 15 janvier 2026.<\/p>\n\t\t\t\t<a class=\"more-link\" href=\"https:\/\/crops4hd.org\/fr\/2026\/webinaire-defendre-les-droits-des-paysan-ne-s-aux-semences-le-role-de-laction-judiciaire-en-afrique\/\" rel=\"bookmark\">\n\t\t\t\t\tArticle complet\t\t\t\t<\/a>\n\t\t\t\t\t\t\t\t<div class=\"entry-meta\">\n\t\t\t\t\t<time class=\"entry-date published\" datetime=\"2026-01-12T13:44:48+01:00\">12 janvier 2026<\/time><time class=\"updated\" datetime=\"2026-01-16T11:05:59+01:00\">16 janvier 2026<\/time>\t\t\t\t<\/div><!-- .entry-meta -->\n\t\t\t\t\t<\/div><!-- .entry-wrapper -->\n\t<\/article>\n\n\t\t\n\t<article data-post-id=\"9226\"\n\t\tclass=\"category-general-fr category-non-classifiee category-politique category-tanzanie type-post post-has-image\"\n\t\t\t\t>\n\t\t\t\t\t\t\t<figure class=\"post-thumbnail\">\n\t\t\t\t\t\t\t\t<a href=\"https:\/\/crops4hd.org\/fr\/2025\/communaute-dafrique-de-lest-eac-la-societe-civile-critique-le-projet-de-loi-2025-sur-les-semences-et-les-varietes-vegetales\/\" rel=\"bookmark\" tabindex=\"-1\" aria-hidden=\"true\">\n\t\t\t\t\t\t\t\t\t\t\t\t<img loading=\"lazy\" decoding=\"async\" width=\"800\" height=\"600\" src=\"https:\/\/i0.wp.com\/crops4hd.org\/wp-content\/uploads\/2025\/10\/East_African_Legislative_Assembly-1.jpg?resize=800%2C600&amp;ssl=1\" class=\"attachment-newspack-article-block-landscape-medium size-newspack-article-block-landscape-medium wp-post-image\" alt=\"Communaut\u00e9 d&rsquo;Afrique de l&rsquo;Est (EAC) : la soci\u00e9t\u00e9 civile critique le projet de loi 2025 sur les semences et les vari\u00e9t\u00e9s v\u00e9g\u00e9tales\" data-hero-candidate=\"1\" data-attachment-id=\"9303\" data-permalink=\"https:\/\/crops4hd.org\/fr\/2025\/communaute-dafrique-de-lest-eac-la-societe-civile-critique-le-projet-de-loi-2025-sur-les-semences-et-les-varietes-vegetales\/east_african_legislative_assembly-3\/\" data-orig-file=\"https:\/\/i0.wp.com\/crops4hd.org\/wp-content\/uploads\/2025\/10\/East_African_Legislative_Assembly-1.jpg?fit=1200%2C797&amp;ssl=1\" data-orig-size=\"1200,797\" data-comments-opened=\"0\" data-image-meta=\"{&quot;aperture&quot;:&quot;5&quot;,&quot;credit&quot;:&quot;&quot;,&quot;camera&quot;:&quot;NIKON D90&quot;,&quot;caption&quot;:&quot;&quot;,&quot;created_timestamp&quot;:&quot;1271070863&quot;,&quot;copyright&quot;:&quot;&quot;,&quot;focal_length&quot;:&quot;18&quot;,&quot;iso&quot;:&quot;1250&quot;,&quot;shutter_speed&quot;:&quot;0.04&quot;,&quot;title&quot;:&quot;&quot;,&quot;orientation&quot;:&quot;0&quot;}\" data-image-title=\"East_African_Legislative_Assembly\" data-image-description=\"\" data-image-caption=\"\" data-large-file=\"https:\/\/i0.wp.com\/crops4hd.org\/wp-content\/uploads\/2025\/10\/East_African_Legislative_Assembly-1.jpg?fit=750%2C498&amp;ssl=1\" \/>\t\t\t\t\t\t\t\t\t\t\t\t<\/a>\n\t\t\t\t\n\t\t\t\t\t\t\t<\/figure><!-- .featured-image -->\n\t\t\n\t\t<div class=\"entry-wrapper\">\n\t\t\t<h2 class=\"entry-title\"><a href=\"https:\/\/crops4hd.org\/fr\/2025\/communaute-dafrique-de-lest-eac-la-societe-civile-critique-le-projet-de-loi-2025-sur-les-semences-et-les-varietes-vegetales\/\" rel=\"bookmark\">Communaut\u00e9 d&rsquo;Afrique de l&rsquo;Est (EAC) : la soci\u00e9t\u00e9 civile critique le projet de loi 2025 sur les semences et les vari\u00e9t\u00e9s v\u00e9g\u00e9tales<\/a><\/h2>\t\t\t\t\t\t<p>En juin 2025, un nouveau projet de loi sur les semences et les vari\u00e9t\u00e9s v\u00e9g\u00e9tales de la EAC a \u00e9t\u00e9 pr\u00e9sent\u00e9 \u00e0 l&rsquo;Assembl\u00e9e l\u00e9gislative de l&rsquo;Afrique de l&rsquo;Est (EALA). Un pr\u00e9c\u00e9dent projet de loi datant de 2018 avait \u00e9t\u00e9 bloqu\u00e9 apr\u00e8s avoir rencontr\u00e9 une forte opposition de la part de la soci\u00e9t\u00e9 civile. <\/p>\n\t\t\t\t<a class=\"more-link\" href=\"https:\/\/crops4hd.org\/fr\/2025\/communaute-dafrique-de-lest-eac-la-societe-civile-critique-le-projet-de-loi-2025-sur-les-semences-et-les-varietes-vegetales\/\" rel=\"bookmark\">\n\t\t\t\t\tArticle complet\t\t\t\t<\/a>\n\t\t\t\t\t\t\t\t<div class=\"entry-meta\">\n\t\t\t\t\t<time class=\"entry-date published\" datetime=\"2025-10-21T09:28:04+02:00\">21 octobre 2025<\/time><time class=\"updated\" datetime=\"2025-10-23T10:38:26+02:00\">23 octobre 2025<\/time>\t\t\t\t<\/div><!-- .entry-meta -->\n\t\t\t\t\t<\/div><!-- .entry-wrapper -->\n\t<\/article>\n\n\t\t\n\t<article data-post-id=\"9054\"\n\t\tclass=\"category-general-fr category-non-classifiee category-politique category-tanzanie type-post post-has-image\"\n\t\t\t\t>\n\t\t\t\t\t\t\t<figure class=\"post-thumbnail\">\n\t\t\t\t\t\t\t\t<a href=\"https:\/\/crops4hd.org\/fr\/2025\/atelier-creer-un-espace-pour-les-paysan-ne-s-dans-les-reglementations-sur-les-semences\/\" rel=\"bookmark\" tabindex=\"-1\" aria-hidden=\"true\">\n\t\t\t\t\t\t\t\t\t\t\t\t<img loading=\"lazy\" decoding=\"async\" width=\"1200\" height=\"900\" src=\"https:\/\/i0.wp.com\/crops4hd.org\/wp-content\/uploads\/2025\/09\/IPS-1469.jpg?resize=1200%2C900&amp;ssl=1\" class=\"attachment-newspack-article-block-landscape-large size-newspack-article-block-landscape-large wp-post-image\" alt=\"Atelier : Cr\u00e9er un espace pour les paysan-ne-s dans les r\u00e8glementations sur les semences\" data-hero-candidate=\"1\" data-attachment-id=\"9038\" data-permalink=\"https:\/\/crops4hd.org\/fr\/2025\/atelier-creer-un-espace-pour-les-paysan-ne-s-dans-les-reglementations-sur-les-semences\/ips-1469-2\/\" data-orig-file=\"https:\/\/i0.wp.com\/crops4hd.org\/wp-content\/uploads\/2025\/09\/IPS-1469.jpg?fit=5347%2C3565&amp;ssl=1\" data-orig-size=\"5347,3565\" data-comments-opened=\"0\" data-image-meta=\"{&quot;aperture&quot;:&quot;3.5&quot;,&quot;credit&quot;:&quot;IP STUDIO&quot;,&quot;camera&quot;:&quot;NIKON D7500&quot;,&quot;caption&quot;:&quot;&quot;,&quot;created_timestamp&quot;:&quot;1753858982&quot;,&quot;copyright&quot;:&quot;&quot;,&quot;focal_length&quot;:&quot;18&quot;,&quot;iso&quot;:&quot;500&quot;,&quot;shutter_speed&quot;:&quot;0.008&quot;,&quot;title&quot;:&quot;&quot;,&quot;orientation&quot;:&quot;0&quot;}\" data-image-title=\"IPS-1469\" data-image-description=\"\" data-image-caption=\"\" data-large-file=\"https:\/\/i0.wp.com\/crops4hd.org\/wp-content\/uploads\/2025\/09\/IPS-1469.jpg?fit=750%2C500&amp;ssl=1\" \/>\t\t\t\t\t\t\t\t\t\t\t\t<\/a>\n\t\t\t\t\n\t\t\t\t\t\t\t<\/figure><!-- .featured-image -->\n\t\t\n\t\t<div class=\"entry-wrapper\">\n\t\t\t<h2 class=\"entry-title\"><a href=\"https:\/\/crops4hd.org\/fr\/2025\/atelier-creer-un-espace-pour-les-paysan-ne-s-dans-les-reglementations-sur-les-semences\/\" rel=\"bookmark\">Atelier : Cr\u00e9er un espace pour les paysan-ne-s dans les r\u00e8glementations sur les semences<\/a><\/h2>\t\t\t\t\t\t<p>Swissaid et son organisation partenaire TABIO ont organis\u00e9 du 28 au 30 juillet \u00e0 Dar es Salaam un atelier visant \u00e0 trouver des solutions pour cr\u00e9er de l&rsquo;espace dans la r\u00e9glementation tanzanienne sur les semences.<\/p>\n\t\t\t\t<a class=\"more-link\" href=\"https:\/\/crops4hd.org\/fr\/2025\/atelier-creer-un-espace-pour-les-paysan-ne-s-dans-les-reglementations-sur-les-semences\/\" rel=\"bookmark\">\n\t\t\t\t\tArticle complet\t\t\t\t<\/a>\n\t\t\t\t\t\t\t\t<div class=\"entry-meta\">\n\t\t\t\t\t<time class=\"entry-date published\" datetime=\"2025-09-09T16:07:09+02:00\">9 septembre 2025<\/time><time class=\"updated\" datetime=\"2025-09-11T15:30:57+02:00\">11 septembre 2025<\/time>\t\t\t\t<\/div><!-- .entry-meta -->\n\t\t\t\t\t<\/div><!-- .entry-wrapper -->\n\t<\/article>\n\n\t\t\t\t<\/div>\n\t\t\n\t<\/div>\n\t\n\n\n<div style=\"height:96px\" aria-hidden=\"true\" class=\"wp-block-spacer\"><\/div>\n<\/div><\/div>\n\n\n\n<p class=\"wp-block-paragraph\"><\/p>\n","protected":false},"excerpt":{"rendered":"<p>Strat\u00e9gie de mise en \u0153uvre Le volet politique du projet porte sur deux syst\u00e8mes interconnect\u00e9s : les syst\u00e8mes de semences et les syst\u00e8mes alimentaires en g\u00e9n\u00e9ral. Le travail politique de CROPS4HD s&rsquo;adresse \u00e0 tous les niveaux &#8211; du local au national, en passant par le sous-r\u00e9gional et l&rsquo;international. Encore une fois, ces diff\u00e9rents niveaux sont<a class=\"more-link\" href=\"https:\/\/crops4hd.org\/fr\/sujets-de-projet\/politique\/\">Lire la suite <span class=\"screen-reader-text\">\u00ab\u00a0Politique\u00a0\u00bb<\/span><\/a><\/p>\n","protected":false},"author":208713460,"featured_media":2788,"parent":3049,"menu_order":0,"comment_status":"closed","ping_status":"closed","template":"","meta":{"_coblocks_attr":"","_coblocks_dimensions":"","_coblocks_responsive_height":"","_coblocks_accordion_ie_support":"","_crdt_document":"","advanced_seo_description":"","jetpack_seo_html_title":"","jetpack_seo_noindex":false,"cybocfi_hide_featured_image":"","footnotes":""},"categories":[],"tags":[],"class_list":["post-3161","page","type-page","status-publish","has-post-thumbnail","hentry","entry"],"jetpack_likes_enabled":true,"jetpack_sharing_enabled":true,"jetpack_shortlink":"https:\/\/wp.me\/PddCZR-OZ","amp_enabled":true,"_links":{"self":[{"href":"https:\/\/crops4hd.org\/fr\/wp-json\/wp\/v2\/pages\/3161","targetHints":{"allow":["GET"]}}],"collection":[{"href":"https:\/\/crops4hd.org\/fr\/wp-json\/wp\/v2\/pages"}],"about":[{"href":"https:\/\/crops4hd.org\/fr\/wp-json\/wp\/v2\/types\/page"}],"author":[{"embeddable":true,"href":"https:\/\/crops4hd.org\/fr\/wp-json\/wp\/v2\/users\/208713460"}],"replies":[{"embeddable":true,"href":"https:\/\/crops4hd.org\/fr\/wp-json\/wp\/v2\/comments?post=3161"}],"version-history":[{"count":12,"href":"https:\/\/crops4hd.org\/fr\/wp-json\/wp\/v2\/pages\/3161\/revisions"}],"predecessor-version":[{"id":4902,"href":"https:\/\/crops4hd.org\/fr\/wp-json\/wp\/v2\/pages\/3161\/revisions\/4902"}],"up":[{"embeddable":true,"href":"https:\/\/crops4hd.org\/fr\/wp-json\/wp\/v2\/pages\/3049"}],"wp:featuredmedia":[{"embeddable":true,"href":"https:\/\/crops4hd.org\/fr\/wp-json\/wp\/v2\/media\/2788"}],"wp:attachment":[{"href":"https:\/\/crops4hd.org\/fr\/wp-json\/wp\/v2\/media?parent=3161"}],"wp:term":[{"taxonomy":"category","embeddable":true,"href":"https:\/\/crops4hd.org\/fr\/wp-json\/wp\/v2\/categories?post=3161"},{"taxonomy":"post_tag","embeddable":true,"href":"https:\/\/crops4hd.org\/fr\/wp-json\/wp\/v2\/tags?post=3161"}],"curies":[{"name":"wp","href":"https:\/\/api.w.org\/{rel}","templated":true}]}}